{"id":1454,"date":"2017-12-12T13:08:37","date_gmt":"2017-12-12T13:08:37","guid":{"rendered":"https:\/\/2018.europe.wordcamp.org\/?page_id=1454"},"modified":"2018-02-13T09:20:00","modified_gmt":"2018-02-13T08:20:00","slug":"getting-to-belgrade","status":"publish","type":"page","link":"https:\/\/europe.wordcamp.org\/2018\/info\/location\/getting-to-belgrade\/","title":{"rendered":"Getting to Belgrade"},"content":{"rendered":"<p class=\"highlight\">You can easily get to Belgrade by <a href=\"#airplane\">airplane<\/a>, <a href=\"#train\">train<\/a>, <a href=\"#bus\">bus<\/a> and\u00a0<a href=\"#car\">car<\/a>. \u00a0There are <a href=\"https:\/\/2018.europe.wordcamp.org\/info\/location\/getting-to-belgrade\/flights\/\">direct flights<\/a> from most major European cities and Belgrade is also connected by direct flights from Asia, Africa (Tunis) and North America (New York).<\/p>\n<p class=\"highlight\">For those closer, there are frequent trains from other European capitals \u2013 Vienna, Budapest, Zagreb and Sofia (to name a few) \u2013 so you could combine your journey by travelling to a nearby European capital by\u00a0airplane, and then continuing to Belgrade by train.<\/p>\n<p class=\"highlight\">Those who like travelling by road can choose between coming to Belgrade via bus or in their own car.<\/p>\n<h2 id=\"airplane\" class=\"heading-top\">Traveling to Belgrade by Airplane <a href=\"#main\">Return to Top<\/a><\/h2>\n<p><img data-recalc-dims=\"1\" loading=\"lazy\" decoding=\"async\" data-attachment-id=\"1641\" data-permalink=\"https:\/\/europe.wordcamp.org\/2018\/info\/location\/getting-to-belgrade\/travel-nikola-tesla-airport-belgrade\/\" data-orig-file=\"https:\/\/i0.wp.com\/europe.wordcamp.org\/2018\/files\/2017\/12\/travel-nikola-tesla-airport-belgrade.jpg?fit=1600%2C800&amp;ssl=1\" data-orig-size=\"1600,800\" data-comments-opened=\"1\" data-image-meta=\"{&quot;aperture&quot;:&quot;0&quot;,&quot;credit&quot;:&quot;&quot;,&quot;camera&quot;:&quot;&quot;,&quot;caption&quot;:&quot;&quot;,&quot;created_timestamp&quot;:&quot;0&quot;,&quot;copyright&quot;:&quot;&quot;,&quot;focal_length&quot;:&quot;0&quot;,&quot;iso&quot;:&quot;0&quot;,&quot;shutter_speed&quot;:&quot;0&quot;,&quot;title&quot;:&quot;&quot;,&quot;orientation&quot;:&quot;0&quot;}\" data-image-title=\"Belgrade Nikola Tesla Airport\" data-image-description=\"\" data-image-caption=\"\" data-medium-file=\"https:\/\/i0.wp.com\/europe.wordcamp.org\/2018\/files\/2017\/12\/travel-nikola-tesla-airport-belgrade.jpg?fit=300%2C150&amp;ssl=1\" data-large-file=\"https:\/\/i0.wp.com\/europe.wordcamp.org\/2018\/files\/2017\/12\/travel-nikola-tesla-airport-belgrade.jpg?fit=640%2C320&amp;ssl=1\" class=\"alignnone size-full wp-image-1641\" src=\"https:\/\/i0.wp.com\/2018.europe.wordcamp.org\/files\/2017\/12\/travel-nikola-tesla-airport-belgrade.jpg?resize=640%2C320&#038;ssl=1\" alt=\"\" width=\"640\" height=\"320\" srcset=\"https:\/\/i0.wp.com\/europe.wordcamp.org\/2018\/files\/2017\/12\/travel-nikola-tesla-airport-belgrade.jpg?w=1600&amp;ssl=1 1600w, https:\/\/i0.wp.com\/europe.wordcamp.org\/2018\/files\/2017\/12\/travel-nikola-tesla-airport-belgrade.jpg?resize=300%2C150&amp;ssl=1 300w, https:\/\/i0.wp.com\/europe.wordcamp.org\/2018\/files\/2017\/12\/travel-nikola-tesla-airport-belgrade.jpg?resize=768%2C384&amp;ssl=1 768w, https:\/\/i0.wp.com\/europe.wordcamp.org\/2018\/files\/2017\/12\/travel-nikola-tesla-airport-belgrade.jpg?resize=1024%2C512&amp;ssl=1 1024w, https:\/\/i0.wp.com\/europe.wordcamp.org\/2018\/files\/2017\/12\/travel-nikola-tesla-airport-belgrade.jpg?resize=500%2C250&amp;ssl=1 500w, https:\/\/i0.wp.com\/europe.wordcamp.org\/2018\/files\/2017\/12\/travel-nikola-tesla-airport-belgrade.jpg?w=1280&amp;ssl=1 1280w\" sizes=\"auto, (max-width: 640px) 100vw, 640px\" \/><\/p>\n<p class=\"highlight\">Belgrade Nikola Tesla Airport (IATA: BEG) is <strong>18 km west of the city centre<\/strong> and can be reached in 40-60 minutes by car or bus, depending on the traffic. \u2022 Belgrade airport is well connected to <strong>major European cities by direct flights<\/strong> (see a <a href=\"https:\/\/2018.europe.wordcamp.org\/info\/location\/getting-to-belgrade\/flights\/\">list of cities with direct flights to Belgrade<\/a>)\u00a0from major airlines, as well as some low-cost airlines. It can be reached by\u00a0direct flights from both <strong>Asia<\/strong> (Beijing, Dubai, Doha, Abu Dhabi, Istanbul), <strong>Africa<\/strong> (Tunis) and <strong>North America<\/strong> (New York).<\/p>\n<p>Belgrade airport\u00a0has been recently renovated and new facilities have been opened as it is becoming a regional hub. <strong>Major airlines<\/strong> that fly to Belgrade are Air Serbia, Aeroflot, Qatar Airways, Turkish, Lufthansa, Austrian, Alitalia and Swiss International.<\/p>\n<p>Discount and no-frills carriers offer a modest number of flights. Hungarian low-cost carrier <strong>Wizz Air<\/strong> has direct flights from London, Eindhoven, Memmingen, Gothenburg, Malm\u00f6, Charleroi, Stockholm, D\u00fcsseldorf and Dortmund to Belgrade. Istanbul-based <strong>Pegasus Airlines<\/strong> flies from Belgrade to Istanbul&#8217;s smaller Sabiha G\u00f6k\u00e7en Airport with great connections to many European and Eurasian cities. <strong>Germanwings<\/strong> does have a number of less expensive flights to cities across Europe and <strong>Norwegian Air<\/strong> is another low-cost airline operating in Belgrade, flying to Oslo and Stockholm. <strong>EasyJet<\/strong> flies from Milan. For travellers from Asia and the Middle East, the low cost airline <strong>FlyDubai<\/strong> offers cheap direct connections from India, Sri Lanka and other destinations to Belgrade via Dubai. Good connections for travellers from Asia\/Middle East are also offered by <strong>Air Serbia<\/strong> and its partner airline <strong>Etihad<\/strong> via Abu Dhabi.<\/p>\n<p>Air Serbia operates <strong>direct flights from Belgrade to New York&#8217;s JFK International Airport<\/strong>\u00a05 times a week.<\/p>\n<h3 id=\"airport-transfers\">Transfers from the airport to the city centre<\/h3>\n<p class=\"highlight\">Cheapest solution is a regular <strong>bus<\/strong> (take Line 72), which takes up to 60 minutes and costs around <strong>1 EUR<\/strong>. More convenient solutions are <strong>minibuses<\/strong> or <strong>taxis<\/strong> which take from 30 to 40 minutes, depending on the traffic. A minibus costs around <strong>2 EUR<\/strong>, and taxis cost around <strong>15 EUR<\/strong> for a transfer to Belgrade centre.<\/p>\n<ul>\n<li><strong>Bus 72<\/strong> runs every half an hour from the bus station near the departures level at Terminal 1. It goes to Zeleni Venac market in the city centre and the trip takes about 40-60 minutes. One way ticket can be purchased on the bus, and you can purchase a daily ticket, 3-day ticket and a 5-day ticket. Prices range from 150 RSD (~1 EUR) for a one-way ticket to 1100 RSD (~10 EUR) for a 5-day ticket.<\/li>\n<li><strong>Minibus A1<\/strong>, operates between the airport and Slavija Square, stopping at Fontana (Novi Beograd) and Belgrade &#8211; Glavna railway station. The buses are comfortable and air-conditioned. The fare is 300 RSD (~3 EUR), which is paid on-board; be sure to tell the driver what your destination is before departure. The trip takes 30-40 minutes.<\/li>\n<li>For the use of <strong>taxi services<\/strong> from Belgrade Nikola Tesla Airport to any destination in Belgrade area and further, please contact the city service TAXI INFO desk, located in the baggage reclaim area. There you can pay a fixed price for your destination and with that receipt, you go to a taxi that\u2019s available (you don\u2019t need to pay any extra to a taxi driver). The price ranges from 1400 RSD (~13 EUR) to Novi Beograd, 1800 RSD (~15 EUR) to central Belgrade and from 2200 RSD (~18 EUR) to the suburbs.<\/li>\n<\/ul>\n<hr \/>\n<h2 id=\"train\" class=\"heading-top\">Traveling to Belgrade by Train <a href=\"#main\">Return to Top<\/a><\/h2>\n<p><img data-recalc-dims=\"1\" loading=\"lazy\" decoding=\"async\" data-attachment-id=\"1640\" data-permalink=\"https:\/\/europe.wordcamp.org\/2018\/info\/location\/getting-to-belgrade\/travel-train\/\" data-orig-file=\"https:\/\/i0.wp.com\/europe.wordcamp.org\/2018\/files\/2017\/12\/travel-train.jpg?fit=1600%2C800&amp;ssl=1\" data-orig-size=\"1600,800\" data-comments-opened=\"1\" data-image-meta=\"{&quot;aperture&quot;:&quot;0&quot;,&quot;credit&quot;:&quot;&quot;,&quot;camera&quot;:&quot;&quot;,&quot;caption&quot;:&quot;&quot;,&quot;created_timestamp&quot;:&quot;0&quot;,&quot;copyright&quot;:&quot;&quot;,&quot;focal_length&quot;:&quot;0&quot;,&quot;iso&quot;:&quot;0&quot;,&quot;shutter_speed&quot;:&quot;0&quot;,&quot;title&quot;:&quot;&quot;,&quot;orientation&quot;:&quot;0&quot;}\" data-image-title=\"Train\" data-image-description=\"\" data-image-caption=\"\" data-medium-file=\"https:\/\/i0.wp.com\/europe.wordcamp.org\/2018\/files\/2017\/12\/travel-train.jpg?fit=300%2C150&amp;ssl=1\" data-large-file=\"https:\/\/i0.wp.com\/europe.wordcamp.org\/2018\/files\/2017\/12\/travel-train.jpg?fit=640%2C320&amp;ssl=1\" class=\"alignnone size-full wp-image-1640\" src=\"https:\/\/i0.wp.com\/2018.europe.wordcamp.org\/files\/2017\/12\/travel-train.jpg?resize=640%2C320&#038;ssl=1\" alt=\"\" width=\"640\" height=\"320\" srcset=\"https:\/\/i0.wp.com\/europe.wordcamp.org\/2018\/files\/2017\/12\/travel-train.jpg?w=1600&amp;ssl=1 1600w, https:\/\/i0.wp.com\/europe.wordcamp.org\/2018\/files\/2017\/12\/travel-train.jpg?resize=300%2C150&amp;ssl=1 300w, https:\/\/i0.wp.com\/europe.wordcamp.org\/2018\/files\/2017\/12\/travel-train.jpg?resize=768%2C384&amp;ssl=1 768w, https:\/\/i0.wp.com\/europe.wordcamp.org\/2018\/files\/2017\/12\/travel-train.jpg?resize=1024%2C512&amp;ssl=1 1024w, https:\/\/i0.wp.com\/europe.wordcamp.org\/2018\/files\/2017\/12\/travel-train.jpg?resize=500%2C250&amp;ssl=1 500w, https:\/\/i0.wp.com\/europe.wordcamp.org\/2018\/files\/2017\/12\/travel-train.jpg?w=1280&amp;ssl=1 1280w\" sizes=\"auto, (max-width: 640px) 100vw, 640px\" \/><\/p>\n<p class=\"highlight\">Serbian Railways operates trains in Serbia. Belgrade&#8217;s Main Railway Station Centre, in Prokupacka\u00a0street, is right beside the highway, and just a few kilometers away from the city center. All national and international trains stop here except for trains coming out of Pan\u010devo, Zrenjanin, Vr\u0161ac and Timi\u015foara, which stop at Belgrade (Pancevacki Most station) with connection by BG Train (kind of a subway) to New Belgrade and suburbs.<\/p>\n<p class=\"note\"><strong>Consider this!\u00a0<\/strong>It is best to buy tickets at the train station (credit cards are also accepted). The <strong>international ticket counters<\/strong> are numbers 11 and 12. The station has <strong>luggage facilities working 24 hours<\/strong>\u00a0that costs\u00a0110 RSD (~1 EUR)\u00a0per day.<\/p>\n<h3>Trains to Belgrade from other European cities<\/h3>\n<ul>\n<li><strong>Budapest<\/strong>: Two daily trains between Budapest and Belgrade. InterCity Avala leaves at 12:05 from Budapest &#8211; Keleti station, arriving in Belgrade at 20:13. Another daily train, the Ivo Andri\u0107 leaves at 08:05 from Budapest &#8211; Keleti station, arriving at 16:32. In addition to that, the overnight train Beograd leaves at 22:25 from Budapest &#8211; Keleti station and arrives in Belgrade at 06:21. There are reservation &#8211; free seats for all trains. One way ticket is 15 EURO and the return ticket is 26 EUR (this offer is called the &#8220;Belgrade special&#8221;, as of July 2016).<\/li>\n<li><strong>Ljubljana<\/strong>: One daytime train, leaving at 08:25 and one night train, leaving at 21:05. There is a discounted Belgrade Special ticket, non-refundable and bound to specified train and day, cost is 25 EUR (one way, reservation included in price), but there are only 6 tickets per train.<\/li>\n<li><strong>Podgorica<\/strong> and <strong>Bar<\/strong>, Montenegro: One daytime and one night train (plus 2 more during the summer season). The price to Bar is 21 EUR plus a 3 EUR compulsory seat reservation or 6 EUR couchette reservation (6 seats).<\/li>\n<li><strong>Skopje<\/strong>: One daytime train, leaving at 08:20 and a night train, leaving at 22:14. Return ticket costs EUR 32.60 EUR (&#8220;Serbia special&#8221;).<\/li>\n<li><strong>Sofia<\/strong>: One night train, which leaves at 20:30. One way ticket costs 20.60 EUR and 6 EUR for couchette reservation.<\/li>\n<li><strong>Thessaloniki<\/strong>: There is a train which leaves at 18:30. One way ticket costs 33.80 EUR, return 54 EUR.<\/li>\n<li><strong>Timi\u015foara<\/strong>: Two daily trains (06:50 and 15:38). You&#8217;ll have to make 2 easy train changes to Belgrade: First, from Timi\u015foara &#8211; Nord station take the short train trip to Vr\u0161ac station and then you catch a train from Vr\u0161ac station to Belgrade &#8211; Dunav station. The return ticket from Timi\u015foara &#8211; Nord to Belgrade &#8211; Dunav costs 14 EUR, just ask for the &#8220;Banat Special&#8221;. There are no direct trains to Bucharest.<\/li>\n<li><strong>Vienna<\/strong>: Daily train from Vienna &#8211; Hauptbahnhof at 09:12. The return ticket costs 70 EUR.<\/li>\n<li><strong>Zagreb<\/strong>: One daytime train, leaving at 11:05 and one night train, leaving at 23:48. The regular ticket costs 24.40 EUR one way, while the return ticket costs 48.80 EUR. It is important to emphasize that every additional passenger has a 50% discount for the return ticket (just ask for the &#8220;City Star&#8221; ticket). For example, the &#8220;City Star&#8221; return ticket costs 73.20 EUR for two passengers.<\/li>\n<\/ul>\n<hr \/>\n<h2 id=\"car\" class=\"heading-top\">Traveling to Belgrade by Bus\u00a0<a href=\"#main\">Return to Top<\/a><\/h2>\n<p><img data-recalc-dims=\"1\" loading=\"lazy\" decoding=\"async\" data-attachment-id=\"1639\" data-permalink=\"https:\/\/europe.wordcamp.org\/2018\/info\/location\/getting-to-belgrade\/travel-bus\/\" data-orig-file=\"https:\/\/i0.wp.com\/europe.wordcamp.org\/2018\/files\/2017\/12\/travel-bus.jpg?fit=1600%2C800&amp;ssl=1\" data-orig-size=\"1600,800\" data-comments-opened=\"1\" data-image-meta=\"{&quot;aperture&quot;:&quot;0&quot;,&quot;credit&quot;:&quot;&quot;,&quot;camera&quot;:&quot;&quot;,&quot;caption&quot;:&quot;&quot;,&quot;created_timestamp&quot;:&quot;0&quot;,&quot;copyright&quot;:&quot;&quot;,&quot;focal_length&quot;:&quot;0&quot;,&quot;iso&quot;:&quot;0&quot;,&quot;shutter_speed&quot;:&quot;0&quot;,&quot;title&quot;:&quot;&quot;,&quot;orientation&quot;:&quot;0&quot;}\" data-image-title=\"Bus travel\" data-image-description=\"\" data-image-caption=\"\" data-medium-file=\"https:\/\/i0.wp.com\/europe.wordcamp.org\/2018\/files\/2017\/12\/travel-bus.jpg?fit=300%2C150&amp;ssl=1\" data-large-file=\"https:\/\/i0.wp.com\/europe.wordcamp.org\/2018\/files\/2017\/12\/travel-bus.jpg?fit=640%2C320&amp;ssl=1\" class=\"alignnone size-full wp-image-1639\" src=\"https:\/\/i0.wp.com\/2018.europe.wordcamp.org\/files\/2017\/12\/travel-bus.jpg?resize=640%2C320&#038;ssl=1\" alt=\"\" width=\"640\" height=\"320\" srcset=\"https:\/\/i0.wp.com\/europe.wordcamp.org\/2018\/files\/2017\/12\/travel-bus.jpg?w=1600&amp;ssl=1 1600w, https:\/\/i0.wp.com\/europe.wordcamp.org\/2018\/files\/2017\/12\/travel-bus.jpg?resize=300%2C150&amp;ssl=1 300w, https:\/\/i0.wp.com\/europe.wordcamp.org\/2018\/files\/2017\/12\/travel-bus.jpg?resize=768%2C384&amp;ssl=1 768w, https:\/\/i0.wp.com\/europe.wordcamp.org\/2018\/files\/2017\/12\/travel-bus.jpg?resize=1024%2C512&amp;ssl=1 1024w, https:\/\/i0.wp.com\/europe.wordcamp.org\/2018\/files\/2017\/12\/travel-bus.jpg?resize=500%2C250&amp;ssl=1 500w, https:\/\/i0.wp.com\/europe.wordcamp.org\/2018\/files\/2017\/12\/travel-bus.jpg?w=1280&amp;ssl=1 1280w\" sizes=\"auto, (max-width: 640px) 100vw, 640px\" \/><\/p>\n<p class=\"highlight\">Belgrade Bus Station, also known as BAS (short for Beogradska Autobuska Stanica), is right next to the Main Railway Station Beograd, in Kara\u0111or\u0111eva street. When buying a bus ticket for national travel, you will also receive a token to enter the platform area. For international travel, you will be given a paper stub to present at the platform gate.<\/p>\n<p class=\"note\"><strong>Remember!<\/strong> Inform yourself about your trip prior to departure as much as you can; if in doubt, ask a fellow passenger for assistance.\u00a0 For international trips to the rest of Europe, Lasta is the Eurolines carrier.<\/p>\n<hr \/>\n<h2 id=\"car\" class=\"heading-top\">Traveling to Belgrade by Car\u00a0<a href=\"#main\">Return to Top<\/a><\/h2>\n<p><img data-recalc-dims=\"1\" loading=\"lazy\" decoding=\"async\" data-attachment-id=\"1657\" data-permalink=\"https:\/\/europe.wordcamp.org\/2018\/info\/location\/getting-to-belgrade\/travel-car-2\/\" data-orig-file=\"https:\/\/i0.wp.com\/europe.wordcamp.org\/2018\/files\/2017\/12\/travel-car-2.jpg?fit=1600%2C800&amp;ssl=1\" data-orig-size=\"1600,800\" data-comments-opened=\"1\" data-image-meta=\"{&quot;aperture&quot;:&quot;0&quot;,&quot;credit&quot;:&quot;&quot;,&quot;camera&quot;:&quot;&quot;,&quot;caption&quot;:&quot;&quot;,&quot;created_timestamp&quot;:&quot;0&quot;,&quot;copyright&quot;:&quot;&quot;,&quot;focal_length&quot;:&quot;0&quot;,&quot;iso&quot;:&quot;0&quot;,&quot;shutter_speed&quot;:&quot;0&quot;,&quot;title&quot;:&quot;&quot;,&quot;orientation&quot;:&quot;0&quot;}\" data-image-title=\"Serbian highways\" data-image-description=\"\" data-image-caption=\"\" data-medium-file=\"https:\/\/i0.wp.com\/europe.wordcamp.org\/2018\/files\/2017\/12\/travel-car-2.jpg?fit=300%2C150&amp;ssl=1\" data-large-file=\"https:\/\/i0.wp.com\/europe.wordcamp.org\/2018\/files\/2017\/12\/travel-car-2.jpg?fit=640%2C320&amp;ssl=1\" class=\"alignnone size-full wp-image-1657\" src=\"https:\/\/i0.wp.com\/2018.europe.wordcamp.org\/files\/2017\/12\/travel-car-2.jpg?resize=640%2C320&#038;ssl=1\" alt=\"\" width=\"640\" height=\"320\" srcset=\"https:\/\/i0.wp.com\/europe.wordcamp.org\/2018\/files\/2017\/12\/travel-car-2.jpg?w=1600&amp;ssl=1 1600w, https:\/\/i0.wp.com\/europe.wordcamp.org\/2018\/files\/2017\/12\/travel-car-2.jpg?resize=300%2C150&amp;ssl=1 300w, https:\/\/i0.wp.com\/europe.wordcamp.org\/2018\/files\/2017\/12\/travel-car-2.jpg?resize=768%2C384&amp;ssl=1 768w, https:\/\/i0.wp.com\/europe.wordcamp.org\/2018\/files\/2017\/12\/travel-car-2.jpg?resize=1024%2C512&amp;ssl=1 1024w, https:\/\/i0.wp.com\/europe.wordcamp.org\/2018\/files\/2017\/12\/travel-car-2.jpg?resize=500%2C250&amp;ssl=1 500w, https:\/\/i0.wp.com\/europe.wordcamp.org\/2018\/files\/2017\/12\/travel-car-2.jpg?w=1280&amp;ssl=1 1280w\" sizes=\"auto, (max-width: 640px) 100vw, 640px\" \/><\/p>\n<p class=\"note\"><strong>Remember!\u00a0<\/strong>If you plan to come to Serbia by car, please be careful when driving and take speed limits into consideration. There are <strong>rigorous penalties if you exceed speed limit on highways<\/strong> (which you will have to pay when leaving the highway)<\/p>\n<h4>From Hungary<\/h4>\n<p>If you are coming from Hungary, you should use the E75 highway (M5 in Hungary, A1 in Serbia). After crossing the border at Horgo\u0161 &#8211; R\u00f6szke, you will pass through Subotica and Novi Sad. It is 2 hour drive from the border.<\/p>\n<h4>From Montenegro<\/h4>\n<p>Use the E763 highway, also known as the Ibarska magistrala (M22 in Serbia). After crossing the border at Gostun &#8211; Dobrakovo, you are going to pass through Zlatibor, U\u017eice and \u010ca\u010dak before reaching Belgrade. Be beware that this is a mountainous road so drive carefully. It takes about 5 &#8211; 6 hours from the border to Belgrade. Also beware of the road works, as the road is slowly being upgraded to a dual &#8211; carriageway. The first section, from Ljig to Preljina was opened on the 25th of August, 2016, and one more section should be done before June 2018.<\/p>\n<h4>From Slovenia and Croatia<\/h4>\n<p>Use the E70 highway, when coming from Ljubljana or Zagreb (A3 in Croatia and Serbia). You will enter Serbia at the Batrovci &#8211; Bajakovo border crossing. From there it takes 1 hour to Belgrade.<\/p>\n<h4>From Romania<\/h4>\n<p>Use the E70 highway, coming from Timi\u0219oara (M10 in Serbia, DN59 in Romania). You will cross the border at Vatin &#8211; Moravi\u021ba and pass through Vr\u0161ac and Pan\u010devo. It takes around 2 hours to Belgrade.<\/p>\n<h4>From <abbr title=\"the former Yugoslav Republic of Macedonia\">FYROM<\/abbr><\/h4>\n<p>Use the E75 highway (A1 in <abbr title=\"the former Yugoslav Republic of Macedonia\">FYROM<\/abbr> and Serbia). You will cross the border at Tabanovce &#8211; Pre\u0161evo, and go through Ni\u0161 and Kragujevac, before reaching Belgrade. It takes about 4 hours and 30 minutes to get to Belgrade.<\/p>\n<h4>From Bulgaria<\/h4>\n<p>Use the E80, and the E75 highways (A4 and A1 in Serbia). After crossing the border at Kalotina &#8211; Gradina, use to E80 to Ni\u0161, and join into the E75 there, continuing to Belgrade. It takes 4 hours to complete the trip from the border.<\/p>\n<h4>From Albania<\/h4>\n<p>Use the Tirana &#8211; Pri\u0161tina highway, then continue to Ni\u0161 and join into the E75 highway to Belgrade. It takes 6 hours to complete the trip from the first border. Beware that you will be crossing 2 borders, out of which, one is administrative.<\/p>\n<h4>From Bosnia and Herzegovina<\/h4>\n<p>When coming from Bosnia and Herzegovina it is recommended to go into Croatia and use the A3 highway to Belgrade.<\/p>\n","protected":false},"excerpt":{"rendered":"<p>You can easily get to Belgrade by airplane, train, bus and\u00a0car. \u00a0There are direct flights from most major European cities and Belgrade is also connected by direct flights from Asia, Africa (Tunis) and North America (New York). For those closer, there are frequent trains from other European capitals \u2013 Vienna, Budapest, Zagreb and Sofia (to [&hellip;]<\/p>\n","protected":false},"author":12019359,"featured_media":3455,"parent":434,"menu_order":0,"comment_status":"closed","ping_status":"closed","template":"","meta":{"jetpack_post_was_ever_published":false,"footnotes":""},"class_list":["post-1454","page","type-page","status-publish","has-post-thumbnail","hentry"],"jetpack_shortlink":"https:\/\/wp.me\/P8QI2W-ns","jetpack_sharing_enabled":true,"_links":{"self":[{"href":"https:\/\/europe.wordcamp.org\/2018\/wp-json\/wp\/v2\/pages\/1454","targetHints":{"allow":["GET"]}}],"collection":[{"href":"https:\/\/europe.wordcamp.org\/2018\/wp-json\/wp\/v2\/pages"}],"about":[{"href":"https:\/\/europe.wordcamp.org\/2018\/wp-json\/wp\/v2\/types\/page"}],"author":[{"embeddable":true,"href":"https:\/\/europe.wordcamp.org\/2018\/wp-json\/wp\/v2\/users\/12019359"}],"replies":[{"embeddable":true,"href":"https:\/\/europe.wordcamp.org\/2018\/wp-json\/wp\/v2\/comments?post=1454"}],"version-history":[{"count":58,"href":"https:\/\/europe.wordcamp.org\/2018\/wp-json\/wp\/v2\/pages\/1454\/revisions"}],"predecessor-version":[{"id":3467,"href":"https:\/\/europe.wordcamp.org\/2018\/wp-json\/wp\/v2\/pages\/1454\/revisions\/3467"}],"up":[{"embeddable":true,"href":"https:\/\/europe.wordcamp.org\/2018\/wp-json\/wp\/v2\/pages\/434"}],"wp:featuredmedia":[{"embeddable":true,"href":"https:\/\/europe.wordcamp.org\/2018\/wp-json\/wp\/v2\/media\/3455"}],"wp:attachment":[{"href":"https:\/\/europe.wordcamp.org\/2018\/wp-json\/wp\/v2\/media?parent=1454"}],"curies":[{"name":"wp","href":"https:\/\/api.w.org\/{rel}","templated":true}]}}