{"id":5327,"date":"2017-05-03T20:59:05","date_gmt":"2017-05-03T20:59:05","guid":{"rendered":"http:\/\/2017.europe.wordcamp.org\/?page_id=5327"},"modified":"2017-06-07T07:55:42","modified_gmt":"2017-06-07T07:55:42","slug":"a-transportation-guide-to-paris","status":"publish","type":"page","link":"https:\/\/europe.wordcamp.org\/2017\/attendee-information\/a-transportation-guide-to-paris\/","title":{"rendered":"A Transportation Guide To Paris"},"content":{"rendered":"<p>Whether you are going to or returning from the conference hall, or just trying to find a postcard-worthy neighborhood to wander into, Paris has plenty of means of transportation to use. This page tries to sum them up in a easy-to-digest way.<\/p>\n<p>We\u2019re happy to announce that the alliance network SkyTeam Global Meetings is our <strong>travel partner for WordCamp Europe 2017<\/strong> and, as such, has special offers for WordCamp Europe attendees. This partnership allows attendees to take advantage of <strong>exclusive discounts of up to 15%<\/strong> in both Business and Economy. <a href=\"http:\/\/2017.europe.wordcamp.org\/2017\/03\/21\/planning-your-trip-get-a-wceu-discount-on-for-your-flight\/\">Learn more<\/a><\/p>\n<h2>Airports<\/h2>\n<p>There are 2 main commercial airports for Paris, and a third one which is much farther.<\/p>\n<h3>Roissy &#8211; Charles de Gaulle (CDG)<\/h3>\n<p><strong><a href=\"http:\/\/www.parisaeroport.fr\/en\">Charles de Gaulle<\/a> is the largest international airport in France.<\/strong>\u00a0Located in the north-east of Paris, it is 35 minutes away from the Gare du Nord railway station by public transport, and an hour away from Les Docks de Paris.\u00a0It is the closest airport to WordCamp Europe, and we recommend it.\u00a0<a href=\"http:\/\/easycdg.com\/\">Easy CDG<\/a>\u00a0gives you several information about the airport, including transfer options.<\/p>\n<p><strong>Transfer options<\/strong><\/p>\n<ul>\n<li>RER to Gare du Nord station: 10\u20ac (35 min)<\/li>\n<li>Roissybus: 11\u20ac (56-60 min)<\/li>\n<li>Taxi: 50-60\u20ac (30-40 min)<\/li>\n<li>Bus: 17\u20ac (50-70 min)<\/li>\n<\/ul>\n<p>Please see <a href=\"http:\/\/easycdg.com\/transport\/buses-coaches-trains-taxis-paris-cdg-airport-charlesdegaulle\/\">this link<\/a> for more information.<\/p>\n<h3>Orly (ORY)<\/h3>\n<p><strong><a href=\"http:\/\/www.airport-orly.com\/\">Orly<\/a> is the busiest French airport for domestic traffic.<\/strong>\u00a0Located in the south of Paris, it is 35 minutes away from Paris\u2019 Place Denfert-Rochereau by public transport (), and 1h20 away from Les Docks de Paris.\u00a0While not as close to WordCamp Europe as CDG, we still recommend it. More information including transfer options could be found at the <a href=\"http:\/\/www.airport-orly.com\/\">official website<\/a>.<\/p>\n<p><strong>Transfer options<\/strong><\/p>\n<ul>\n<li>Public transport: ORLYVAL then RER to \u201cPlace Denfert-Rochereau\u201d, roughly 12\u20ac one-way<\/li>\n<li>Taxi<\/li>\n<li>Bus<\/li>\n<\/ul>\n<p>Please see <a href=\"http:\/\/www.parisaeroport.fr\/en\/passengers\/access\/paris-orly\/public-transport\">this link<\/a> for more information.<\/p>\n<h3>Beauvais (BVA)<\/h3>\n<p>A smaller airport, with mostly charter and low-cost airlines (Ryanair, for instance).\u00a0Located 75 kilometers north of Paris (in the Picardie region), it is 2 hours away from Porte Maillot (on the Paris ring-road) by<a href=\"http:\/\/tickets.aeroportbeauvais.com\/Information.aspx\"> special shuttle bus<\/a>, and 3 hours away from Les Docks de Paris.\u00a0If you can, <strong>do NOT go through this airport.<\/strong> It has recently been voted <a href=\"http:\/\/www.cheatsheet.com\/life\/10-worst-airports-in-the-world.html\/\">one of the 10 worst airports in the world<\/a>.<\/p>\n<p><strong>Transfer options<\/strong><\/p>\n<ul>\n<li>Public transport: none<\/li>\n<li>Taxi<\/li>\n<li>Shuttle bus (2h), 16\u20ac one-way<\/li>\n<\/ul>\n<h2>Train Stations<\/h2>\n<p>There are 7 train stations within Paris. They serve both the Paris suburbs and the whole of France (the \u201cprovince\u201d). Paris also has a subway\/underground system, called the \u201cM\u00e9tro\u201d (with the RER being the high-speed m\u00e9tro).\u00a0Note that the Gare du Nord, Gare de l\u2019Est and Magenta stations are very close by: 8 minutes away by foot. <strong>Don\u2019t take a cab to transit between them!<\/strong> They also form a huge hub for the m\u00e9tro (lines 2, 4, 5 and 7) and RER (lines B, D and E), as well a several bus lines.<\/p>\n<h3>Gare du Nord<\/h3>\n<p>This is most probably the station you\u2019ll use, since this is where the Eurostar line (from <strong>London<\/strong>), the Thalys line (<strong>Belgium<\/strong>, the <strong>Netherlands<\/strong>, and <strong>Germany<\/strong>) and the <strong>RER line from Charles-de-Gaulle airport<\/strong> all have their Paris stop.<\/p>\n<p>Note that it is not the most dreamy of entrance to Paris: the traffic, long corridors and late-night smells can trigger your first <a href=\"https:\/\/en.wikipedia.org\/wiki\/Paris_syndrome\">Paris syndrome<\/a>. Quick! Grab your bags, make your way to the main area, follow the <a href=\"http:\/\/www.travellingwithnikki.com\/wp-content\/uploads\/2014\/01\/GareDuNordtoDisneylandParis2.jpg\">\u201cRER\u201d and \u201cM\u201d (m\u00e9tro) signs<\/a> down one level, and you\u2019re halfway out. Find a ticket machine, then follow the signs to the RER\/m\u00e9tro line you need to take in order to reach your destination.<\/p>\n<h3>Gare de l\u2019Est<\/h3>\n<p>Gare de l\u2019Est will mostly be used by those of you travelling by train from <strong>Germany<\/strong>, northern <strong>Switzerland<\/strong>, <strong>Luxemburg<\/strong> and the whole of <strong>Eastern Europe<\/strong>. This is thanks to the newly-built high-speed line \u201cTGV Est\u201d.<\/p>\n<h3>Gare de Lyon<\/h3>\n<p>Travelers from <strong>Switzerland<\/strong>, <strong>Italy<\/strong>, <strong>Germany<\/strong> and even <strong>Spain<\/strong> may land in a Gare de Lyon, one of the busiest in the city.\u00a0Not counting the numerous taxi and bus lines nearby, Gare de Lyon gives you access to the line 1 and line 14 of the Paris m\u00e9tro, which are both automated. They are particularly useful:<\/p>\n<ul>\n<li><strong>line 1<\/strong> crosses from East to West, reaching many landmarks and transport hubs (Bastille, City Hall, Ch\u00e2telet, Louvre museum, Champs-Elys\u00e9es, La D\u00e9fense).<\/li>\n<li><strong>line 14<\/strong> is a high speed train, allowing you to go from Gare de Lyon to Gare St Lazare in under 15 minutes.<\/li>\n<\/ul>\n<h3>Other Stations<\/h3>\n<p>A handful of other stations are available. Their use is mostly to take you out of Paris, either to the suburb (want to go see the Versailles castle? Take the train from the Montparnasse station!) or to the whole of France.<\/p>\n<h2>Public Transport: Subway &amp; Buses<\/h2>\n<figure id=\"attachment_5481\" aria-describedby=\"caption-attachment-5481\" style=\"width: 1000px\" class=\"wp-caption aligncenter\"><img data-recalc-dims=\"1\" loading=\"lazy\" decoding=\"async\" data-attachment-id=\"5481\" data-permalink=\"https:\/\/europe.wordcamp.org\/2017\/attendee-information\/a-transportation-guide-to-paris\/transportation-map\/\" data-orig-file=\"https:\/\/i0.wp.com\/europe.wordcamp.org\/2017\/files\/2017\/05\/transportation-map.jpg?fit=1000%2C563&amp;ssl=1\" data-orig-size=\"1000,563\" data-comments-opened=\"1\" data-image-meta=\"{&quot;aperture&quot;:&quot;0&quot;,&quot;credit&quot;:&quot;&quot;,&quot;camera&quot;:&quot;&quot;,&quot;caption&quot;:&quot;&quot;,&quot;created_timestamp&quot;:&quot;0&quot;,&quot;copyright&quot;:&quot;&quot;,&quot;focal_length&quot;:&quot;0&quot;,&quot;iso&quot;:&quot;0&quot;,&quot;shutter_speed&quot;:&quot;0&quot;,&quot;title&quot;:&quot;&quot;,&quot;orientation&quot;:&quot;0&quot;}\" data-image-title=\"Paris is extremely well connected with public transport\" data-image-description=\"\" data-image-caption=\"&lt;p&gt;Paris is extremely well connected with public transport&lt;\/p&gt;\n\" data-medium-file=\"https:\/\/i0.wp.com\/europe.wordcamp.org\/2017\/files\/2017\/05\/transportation-map.jpg?fit=300%2C169&amp;ssl=1\" data-large-file=\"https:\/\/i0.wp.com\/europe.wordcamp.org\/2017\/files\/2017\/05\/transportation-map.jpg?fit=640%2C360&amp;ssl=1\" class=\"size-full wp-image-5481\" src=\"https:\/\/i0.wp.com\/2017.europe.wordcamp.org\/files\/2017\/05\/transportation-map.jpg?resize=640%2C360\" alt=\"\" width=\"640\" height=\"360\" srcset=\"https:\/\/i0.wp.com\/europe.wordcamp.org\/2017\/files\/2017\/05\/transportation-map.jpg?w=1000&amp;ssl=1 1000w, https:\/\/i0.wp.com\/europe.wordcamp.org\/2017\/files\/2017\/05\/transportation-map.jpg?resize=300%2C169&amp;ssl=1 300w, https:\/\/i0.wp.com\/europe.wordcamp.org\/2017\/files\/2017\/05\/transportation-map.jpg?resize=768%2C432&amp;ssl=1 768w, https:\/\/i0.wp.com\/europe.wordcamp.org\/2017\/files\/2017\/05\/transportation-map.jpg?resize=500%2C282&amp;ssl=1 500w\" sizes=\"auto, (max-width: 640px) 100vw, 640px\" \/><figcaption id=\"caption-attachment-5481\" class=\"wp-caption-text\">Paris is extremely well connected with public transport<\/figcaption><\/figure>\n<p>Paris is big on public transportation, with a dense network of options. All of the city is easily accessible by public transport \u2014\u00a0and so does the near suburbs: <a href=\"https:\/\/www.itdp.org\/people-near-rapid-transit-metric\/\">a 2016 ITDP study<\/a> reports that 100% of people in the city of Paris have an easy access to rapid transportation, earning first position.<\/p>\n<p>Subway\/RER, buses and trams are operated by the state-owned RATP (m\u00e9tro line 4 by state-owned SNCF).\u00a0All tickets can be purchased at ticket machines located on platforms and stops. Make sure to validate your ticket before boarding! Tram and bus tickets are validated inside the vehicle.<\/p>\n<p>Single-trip tickets are priced at roughly <strong>2\u20ac each<\/strong> (15\u20ac for a pack of 10), but you should probably opt for one of the follwoing passes:<\/p>\n<ul>\n<li>the <a href=\"https:\/\/www.vianavigo.com\/en\/tickets-and-fares\/tickets\/the-pass-paris-visite\/\">Paris Visite<\/a> travel pass, at 12\u20ac per day tops. Paris Visite passes are available for 1, 2, 3 and 5 days (beginning the day you buy it).<\/li>\n<li>the <a href=\"https:\/\/www.vianavigo.com\/en\/tickets-and-fares\/subscription\/the-pass-navigo-semaine\/\">Navigo d\u00e9couverte<\/a> pass you buy for 5\u20ac (you only need a passport photo to get it). Then you will buy credits for a certain period of time (eg. 22\u20ac for a week). Please be aware that periods are fixed. For example, a week means that the pass will work from Monday to Sunday.<\/li>\n<\/ul>\n<p><strong>Tickets bought at subway stations also work for the buses and trams, and vice versa.<\/strong><\/p>\n<p>As with all publication transport systems in the world, make sure to know where you need to stop and which lines you need to follow in order to get to order destination BEFORE you start your trip. Maps are available inside each vehicle and at each station.<\/p>\n<h3>Subway System<\/h3>\n<p>The \u201cm\u00e9tro\u201d (for \u201cm\u00e9tropolitain\u201d) is made of <a href=\"http:\/\/www.ratp.fr\/informer\/pdf\/orienter\/f_plan.php\">303 stations<\/a> (PDF plan), mostly underground. It is said to be the busiest subway system in Western Europe, and has the World\u2019s <strong>largest subway station<\/strong> (Ch\u00e2telet &#8212; Les Halles).<\/p>\n<p>The subway system is made of various intertwined networks:<\/p>\n<ul>\n<li><strong>The m\u00e9tro itself<\/strong>: 16 lines, two of which are automated (1 &amp; 14), and 245 stations.\u00a0Expect to 2 to 3 minutes between each station.<\/li>\n<li><strong>The RER<\/strong>: a rapid suburb system that works as a faster m\u00e9tro within the city itself, because it only has 5 lines (A to E) and 33 inner-city stations. Out of the city, it expends to a network of station going as far as 75 kilometers away from the city center. Don\u2019t take a nap!\u00a0<span style=\"font-weight: 400\">Expect 4 to 5 minutes between each station.<\/span><\/li>\n<li><strong>The tram<\/strong>: after disappearing in 1938 in favor of cars, the tram system now boasts 9 lines. Sadly, only two lines (3a and 3b) are really useful; and then again, only when slowly circling the city limits.\u00a0<span style=\"font-weight: 400\">Expect 2 to 5 minutes between each station.<\/span><\/li>\n<\/ul>\n<p><strong>Subway tickets also work with the RER system.<\/strong><\/p>\n<p>Keep in mind that the subway system is made of <a href=\"http:\/\/www.ratp.fr\/informer\/pdf\/orienter\/f_plan.php\">several zones around Paris<\/a>: the more zones you want to travel through, the more expensive your ticket gets. Most subway stations are within the Zone 1 (Paris itself), but taking the RER can take you quite far away, up to Zone 5. Ask about it at the station!<\/p>\n<p><strong>Metros and RER stop at night, usually at around 1:30 AM, and start again at around 5:30 AM.<\/strong><\/p>\n<p><strong>Protip!<br \/>\n<\/strong>For the \u201cabove ground\u201d lines, choose either line 2 (between Anvers and Colonel Fabien stations) or line 6 (between Trocad\u00e9ro and Pasteur &#8211; best view of the Eiffel Tower!).<\/p>\n<h3>Bus System<\/h3>\n<p>Paris\u2019 bus system is <a href=\"http:\/\/www.ratp.fr\/informer\/pdf\/orienter\/f_plan.php?nompdf=bus_paris_geo\">quite dense<\/a> (PDF plan), with <strong>64 lines operating with Paris itself, numbered from 20 to 99<\/strong>. More lines exist in the suburbs, numbered from 101.\u00a0Buses stop at night, but a secondary, nocturnal system exists: Noctilien, operating with a subset of lines and stops between 0:30 PM to 5:30 AM. They are numbered from N01 to N199.<\/p>\n<h2>Vehicle Sharing<\/h2>\n<p>The sharing economy is not just about Uber and Airbnb! Paris boasts two large scale vehicle sharing systems: V\u00e9lib\u2019 for bike sharing, and Autolib\u2019 for electrical car sharing (\u201clib\u2019\u201d being short for \u201clibert\u00e9\u201d, meaning \u201cfreedom\u201d). They are available to the public, but are not public transport: operated by industrial groups, you have to pay a fee.<\/p>\n<p>Both V\u00e9lib\u2019 and Autolib\u2019 rely on a good number of parking stations (with chargers, as Autolibs are electric cars) which you can find all around Paris, and even in the nearby towns.<\/p>\n<h3>Biking With V\u00e9lib\u2019<\/h3>\n<p>Visiting Paris on a bike is neat when the sunny days are here. <a href=\"http:\/\/en.velib.paris.fr\/\">V\u00e9lib\u2019<\/a> allows you just that: with more than <strong>1200 parking hubs<\/strong> all around Paris, <strong>servicing some 15400 bikes<\/strong>, V\u00e9lib\u2019 is very popular \u2014 even with its heavy but sturdy bikes.<\/p>\n<p><strong>V\u00e9lib\u2019 is self-service system, available 24\/7.<\/strong> Just turn up at a station, follow the on-screen instruction at the terminal, choose a bike and take it, bike to your next station, push the bike into a free post until it clicks, you\u2019re done!\u00a0Once you buy your personal ticket (there are 1-day and 7-days options), you can use any bike for free during the first 30 minutes (after that, it gets to 1 to 4 euros per half-hour).<\/p>\n<p>You can bike to the WCEU! <a href=\"http:\/\/www.parisavelo.net\/?sid=32008\">A handful of V\u00e9lib&#8217; stations<\/a> are available around the Docks de Paris, the closest being <em>EMGP-Gardinoux<\/em>\u00a0(#32008), right next to the <em>Front Populaire<\/em> m\u00e9tro station.<\/p>\n<p><strong>Protip!<\/strong><br \/>\nIf you have a long trip, just aim for an intermediary station that you can reach within 25 minutes, drop your bike there and take a fresh one to finish your trip, Pony Express style! Note that you might have to wait a couple of minutes before you can take a new bike.<\/p>\n<p><strong>Don\u2019t keep the bike to yourself and don\u2019t forget to park it back, as this would mean penalties!<\/strong><\/p>\n<h3>Driving Around In An Autolib\u2019<\/h3>\n<p><a href=\"https:\/\/www.autolib.eu\/en\/\">Autolib\u2019<\/a> can be used by anyone over 18 years of age who has a valid national driver\u2019s license (French citizens or citizens of an EU country) or a valid international driver\u2019s license for citizens of a country outside the EU.<\/p>\n<p><strong>You must first subscribe to the service<\/strong>, either online or at a kiosk. You\u2019ll need scans of your driver\u2019s license and a form of photo identification.<\/p>\n<p>While the fact that Autolib\u2019 uses fully electric cars, the service is also immensely useful in that you can book your car in advance\u2026 and you book your parking spot before you start driving, thus avoiding the whole part of driving around looking for an available space.<\/p>\n<p>You can drive to the WCEU with an Autlib&#8217;, but we advise against it, as the one station near the Docks de Paris can be often unavailable. However, you can drive there with a regular car, as several (for-pay) car parks are available in or around the area. Driving apps such as Waze can easily point you to them.<\/p>\n<h2 id=\"vehicle\">Coming to Paris with your own vehicle<\/h2>\n<p>You may wish to drive to Paris, and enjoy the freedom of your own vehicle.<\/p>\n<h3>Mandatory Air Quality Certificate<\/h3>\n<p>Be advised that Paris is a Restricted Traffic Zone since January 2017, and you must provide an <a href=\"https:\/\/www.certificat-air.gouv.fr\/en\/\">Air Quality Certificate (&#8220;Crit&#8217;Air&#8221;)<\/a> should you encounter law enforcement. It is compulsory for all vehicles entering Paris.<\/p>\n<p>It costs \u20ac3.70 plus postage, and must be order online before you enter Paris.<br \/>\nYou can apply here:\u00a0<a href=\"https:\/\/www.certificat-air.gouv.fr\/en\/demande\">https:\/\/www.certificat-air.gouv.fr\/en\/demande<\/a>.<\/p>\n<p>A FAQ on the topic <a href=\"https:\/\/www.certificat-air.gouv.fr\/en\/foire-aux-questions\">is available online<\/a>. For instance, the P\u00e9riph\u00e9rique (the ring-road around Paris) can be driven on without such certificate.<\/p>\n<h3>Parking General Info<\/h3>\n<p>Parking in Paris is not very easy (lot of traffic, tight places&#8230;). In all cases, you have to pay (except on Sunday). If you don&#8217;t, the risk is that your car will be taken to the pound and you will be fined.<\/p>\n<p>You can&#8217;t use coins with meters. You&#8217;ll have to buy a prepaid\u00a0card called Paris Carte in tabac. There are two of them: 15\u20ac and 40\u20ac.<\/p>\n<p>You can also use a dedicated mobile app called P Mobile:<\/p>\n<ul>\n<li><a href=\"https:\/\/itunes.apple.com\/fr\/app\/pmobile\/id897833791?l=fr&amp;ls=1&amp;mt=8\">P Mobile for iOS<\/a><\/li>\n<li><a href=\"https:\/\/play.google.com\/store\/apps\/details?id=com.buzzaka.paris_stationp&amp;hl=fr_FR\">P Mobile for Android<\/a><\/li>\n<\/ul>\n<p>To use P Mobile, check for the 5 digits code on the nearest meter and use it in the app.<\/p>\n<p>We do recommend you to park underground as it is probably the easiest option (here you will be able to pay with your credit card).<\/p>\n<ul>\n<li><a href=\"https:\/\/en.parisinfo.com\/practical-paris\/how-to-get-to-and-around-paris\/traffic-and-car-parks\">A detailed page about parkings in Paris<\/a><\/li>\n<li><a href=\"http:\/\/www.americansinfrance.net\/driving\/ParkingSigns.cfm\">Here is a page to understand\u00a0the parking signs<\/a>.<\/li>\n<\/ul>\n<h3>Parking Around The Venue<\/h3>\n<p>Below a map of available parkings around the venue.<\/p>\n<p><img data-recalc-dims=\"1\" loading=\"lazy\" decoding=\"async\" data-attachment-id=\"5868\" data-permalink=\"https:\/\/europe.wordcamp.org\/2017\/attendee-information\/a-transportation-guide-to-paris\/venue-parkings\/\" data-orig-file=\"https:\/\/i0.wp.com\/europe.wordcamp.org\/2017\/files\/2017\/05\/venue-parkings.png?fit=627%2C440&amp;ssl=1\" data-orig-size=\"627,440\" data-comments-opened=\"1\" data-image-meta=\"{&quot;aperture&quot;:&quot;0&quot;,&quot;credit&quot;:&quot;&quot;,&quot;camera&quot;:&quot;&quot;,&quot;caption&quot;:&quot;&quot;,&quot;created_timestamp&quot;:&quot;0&quot;,&quot;copyright&quot;:&quot;&quot;,&quot;focal_length&quot;:&quot;0&quot;,&quot;iso&quot;:&quot;0&quot;,&quot;shutter_speed&quot;:&quot;0&quot;,&quot;title&quot;:&quot;&quot;,&quot;orientation&quot;:&quot;0&quot;}\" data-image-title=\"venue-parkings\" data-image-description=\"\" data-image-caption=\"\" data-medium-file=\"https:\/\/i0.wp.com\/europe.wordcamp.org\/2017\/files\/2017\/05\/venue-parkings.png?fit=300%2C211&amp;ssl=1\" data-large-file=\"https:\/\/i0.wp.com\/europe.wordcamp.org\/2017\/files\/2017\/05\/venue-parkings.png?fit=627%2C440&amp;ssl=1\" class=\"aligncenter wp-image-5868 size-full\" src=\"https:\/\/i0.wp.com\/2017.europe.wordcamp.org\/files\/2017\/05\/venue-parkings.png?resize=627%2C440\" alt=\"\" width=\"627\" height=\"440\" srcset=\"https:\/\/i0.wp.com\/europe.wordcamp.org\/2017\/files\/2017\/05\/venue-parkings.png?w=627&amp;ssl=1 627w, https:\/\/i0.wp.com\/europe.wordcamp.org\/2017\/files\/2017\/05\/venue-parkings.png?resize=300%2C211&amp;ssl=1 300w, https:\/\/i0.wp.com\/europe.wordcamp.org\/2017\/files\/2017\/05\/venue-parkings.png?resize=428%2C300&amp;ssl=1 428w\" sizes=\"auto, (max-width: 627px) 100vw, 627px\" \/><\/p>\n<ul>\n<li>Purple parkings are underground. They&#8217;re free for three hours then it will cost 1\u20ac\/hour.<\/li>\n<li>Blue parkings are outside free parkings.<\/li>\n<li>For each them, you have the number of available spaces.<\/li>\n<\/ul>\n<h2>Recommended Apps<\/h2>\n<p>There are a few must-have apps that will help you getting around Paris.\u00a0<strong>Note that most require a mobile plan or proper wifi.<\/strong> Watch out for bandwidth costs!<\/p>\n<h3>General Mapping Apps<\/h3>\n<ul>\n<li>Google Maps works great. It has all the information you need for planning your journey, be it by car, m\u00e9tro, feet, etc. They have traffic information. If you do not have a cheap mobile plan, <a href=\"https:\/\/support.google.com\/maps\/answer\/6291838\">think of offline navigation<\/a>.\n<ul>\n<li>Apple Plan is just as good.<\/li>\n<li>Use Maps.me if you don\u2019t have a good mobile plan: it downloads the needed map, and you can do the usual geoloc, address search and itinerary with it.<\/li>\n<\/ul>\n<\/li>\n<li>Waze is great for road journeys, since it has very accurate traffic information.<\/li>\n<\/ul>\n<h3>Public Transportation Apps<\/h3>\n<ul>\n<li>Citymapper is THE go-to app to use when using public transport. They give estimates for several concurrent transportation, letting you choose the best one. Includes estimates for Uber and Velib\u2019 too! <a href=\"https:\/\/itunes.apple.com\/fr\/app\/citymapper-bus-m%C3%A9tro-train-pour-paris-et-plus\/id469463298?mt=8\">Download for iPhone<\/a> | <a href=\"https:\/\/play.google.com\/store\/apps\/details?id=com.citymapper.app.release&amp;hl=fr\">Download for Android<\/a><\/li>\n<li>RATP is the official app for all the suburb and bus system.\u00a0<a href=\"https:\/\/itunes.apple.com\/fr\/app\/ratp\/id507107090?mt=8\">Download for iPhone<\/a> | <a href=\"https:\/\/play.google.com\/store\/apps\/details?id=com.fabernovel.ratp&amp;hl=fr\">Download for Android<\/a><\/li>\n<li>Several apps exists for the Velib\u2019 bicycle service:\n<ul>\n<li>V\u00e9lib&#8217; official app. <a href=\"https:\/\/itunes.apple.com\/fr\/app\/v%C3%A9lib-app-officielle-de-la-ville-de-paris\/id577807727?mt=8\">Download for iPhone<\/a> | <a href=\"https:\/\/play.google.com\/store\/apps\/details?id=com.paris.velib&amp;hl=fr\">Download for Android<\/a><\/li>\n<li>Geovelo Paris.\u00a0<a href=\"https:\/\/itunes.apple.com\/fr\/app\/geovelo-paris\/id410895258?mt=8\">Download for iPhone<\/a> | <a href=\"https:\/\/play.google.com\/store\/apps\/details?id=fr.geoveloparis&amp;hl=fr\">Download for Android<\/a><\/li>\n<li>AllBikesnow.\u00a0<a href=\"https:\/\/itunes.apple.com\/fr\/app\/allbikesnow\/id333176106?mt=8\">Download for iPhone<\/a> | <a href=\"https:\/\/play.google.com\/store\/apps\/details?id=com.jcdecaux.allbikesnow&amp;hl=fr\">Download for Android<\/a><\/li>\n<\/ul>\n<\/li>\n<li>Autolib\u2019 has its own namesake app.\u00a0<a href=\"https:\/\/itunes.apple.com\/fr\/app\/autolib\/id477974592?mt=8\">Download for iPhone<\/a> | <a href=\"https:\/\/play.google.com\/store\/apps\/details?id=com.polyconseil.autolib&amp;hl=fr\">Download for Android<\/a><\/li>\n<\/ul>\n<p>There you go! We hope all this information will help you getting around in Paris!<\/p>\n","protected":false},"excerpt":{"rendered":"<p>Whether you are going to or returning from the conference hall, or just trying to find a postcard-worthy neighborhood to wander into, Paris has plenty of means of transportation to use. This page tries to sum them up in a easy-to-digest way. We\u2019re happy to announce that the alliance network SkyTeam Global Meetings is our [&hellip;]<\/p>\n","protected":false},"author":1185,"featured_media":5458,"parent":39,"menu_order":0,"comment_status":"closed","ping_status":"closed","template":"","meta":{"jetpack_post_was_ever_published":false,"footnotes":""},"class_list":["post-5327","page","type-page","status-publish","has-post-thumbnail","hentry"],"jetpack_sharing_enabled":true,"jetpack_shortlink":"https:\/\/wp.me\/P7DKI8-1nV","_links":{"self":[{"href":"https:\/\/europe.wordcamp.org\/2017\/wp-json\/wp\/v2\/pages\/5327","targetHints":{"allow":["GET"]}}],"collection":[{"href":"https:\/\/europe.wordcamp.org\/2017\/wp-json\/wp\/v2\/pages"}],"about":[{"href":"https:\/\/europe.wordcamp.org\/2017\/wp-json\/wp\/v2\/types\/page"}],"author":[{"embeddable":true,"href":"https:\/\/europe.wordcamp.org\/2017\/wp-json\/wp\/v2\/users\/1185"}],"replies":[{"embeddable":true,"href":"https:\/\/europe.wordcamp.org\/2017\/wp-json\/wp\/v2\/comments?post=5327"}],"version-history":[{"count":21,"href":"https:\/\/europe.wordcamp.org\/2017\/wp-json\/wp\/v2\/pages\/5327\/revisions"}],"predecessor-version":[{"id":7076,"href":"https:\/\/europe.wordcamp.org\/2017\/wp-json\/wp\/v2\/pages\/5327\/revisions\/7076"}],"up":[{"embeddable":true,"href":"https:\/\/europe.wordcamp.org\/2017\/wp-json\/wp\/v2\/pages\/39"}],"wp:featuredmedia":[{"embeddable":true,"href":"https:\/\/europe.wordcamp.org\/2017\/wp-json\/wp\/v2\/media\/5458"}],"wp:attachment":[{"href":"https:\/\/europe.wordcamp.org\/2017\/wp-json\/wp\/v2\/media?parent=5327"}],"curies":[{"name":"wp","href":"https:\/\/api.w.org\/{rel}","templated":true}]}}