{"id":2010,"date":"2017-02-02T09:11:22","date_gmt":"2017-02-02T09:11:22","guid":{"rendered":"http:\/\/2017.europe.wordcamp.org\/?page_id=2010"},"modified":"2017-06-06T09:58:40","modified_gmt":"2017-06-06T09:58:40","slug":"en-francais","status":"publish","type":"page","link":"https:\/\/europe.wordcamp.org\/2017\/en-francais\/","title":{"rendered":"En fran\u00e7ais"},"content":{"rendered":"<h2>A propos du WordCamp Europe<\/h2>\n<p>Le WordCamp Europe est un des \u00e9v\u00e9nements les plus importants consacr\u00e9s au logiciel open source WordPress. Le WordCamp Europe existe <a href=\"https:\/\/2013.europe.wordcamp.org\/\">depuis 2013<\/a> et <strong>la 5<sup>\u00e8me<\/sup> \u00e9dition aura lieu \u00e0 Paris les 15, 16 et 17 juin 2017<\/strong>. L&#8217;\u00e9dition 2016 a vu son nombre de participants doubler et a \u00e9t\u00e9 le plus grand WordCamp jamais organis\u00e9 en accueillant\u00a0<strong>3 700 personnes<\/strong>\u00a0(physiques ainsi qu&#8217;\u00e0 distance gr\u00e2ce \u00e0 la retransmission en direct).<\/p>\n<p>Un WordCamp, c&#8217;est l&#8217;occasion pour les utilisateurs de WordPress, professionnels et amateurs, de <strong>s&#8217;immerger dans la communaut\u00e9 et de participer \u00e0 ce fantastique projet open source<\/strong>, dans une ambiance conviviale et ouverte, le tout pour un prix raisonnable (40\u20ac).<\/p>\n<p><a href=\"https:\/\/2017.europe.wordcamp.org\/tickets\/\">Acheter un billet<\/a><\/p>\n<h3>Le lieu<\/h3>\n<p>Le WordCamp Europe 2017 aura lieu aux Docks de Paris, 87 avenue des Magasins G\u00e9n\u00e9raux, 93300 \u00e0 Aubervilliers. C&#8217;est \u00e0 5 minutes \u00e0 pied du m\u00e9tro Front Populaire, terminus de la ligne 12.<\/p>\n<h3>Vous cherchez un h\u00f4tel ?<\/h3>\n<p><a href=\"https:\/\/2017.europe.wordcamp.org\/attendee-information\/hotels-in-paris\/\">Nous vous avons pr\u00e9par\u00e9 une s\u00e9lection d&#8217;h\u00f4tels<\/a>.<\/p>\n<div class=\"googlemaps\">\n\t\t\t\t<iframe loading=\"lazy\" width=\"100\" height=\"480\" frameborder=\"0\" scrolling=\"no\" marginheight=\"0\" marginwidth=\"0\"  src=\"https:\/\/www.google.com\/maps\/d\/u\/0\/embed?mid=1IO3lcTkXpF9BIl4rWId8Gb6ltG0\"><\/iframe>\n\t\t\t<\/div>\n<h3>Vous cherchez un espace de coworking ?<\/h3>\n<p><a href=\"https:\/\/2017.europe.wordcamp.org\/2017\/04\/28\/coworking-spaces-selection\/\">Nous avons pr\u00e9par\u00e9 une s\u00e9lection d&#8217;espaces agr\u00e9ables pour travailler \u00e0 des tarifs pr\u00e9f\u00e9rentiels<\/a><\/p>\n<h3>Vous cherchez un restaurant ?<\/h3>\n<p>Il faut bien se nourrir, alors autant le faire dans des lieux agr\u00e9ables \ud83d\ude09 Voici <a href=\"https:\/\/2017.europe.wordcamp.org\/attendee-information\/25-restaurants-in-paris\/\">notre s\u00e9lection<\/a>.<\/p>\n<h2>La charte<\/h2>\n<p>Les valeurs du projet WordPress (ouverture, respect, diversit\u00e9, open source) sont tr\u00e8s importantes. Elles concernent tout le monde et il existe une charte pour les WordCamps afin que ces \u00e9v\u00e9nements en soient le reflet gr\u00e2ce \u00e0 l&#8217;implication de tous(tes).<\/p>\n<p><a href=\"https:\/\/2017.europe.wordcamp.org\/attendee-information\/code-of-conduct\/\">Notre charte.<\/a><\/p>\n<h2>J&#8217;ai une question<\/h2>\n<p>Si vous avez des questions ou des remarques, consultez notre <a href=\"https:\/\/2017.europe.wordcamp.org\/attendee-information\/faq\/\">FAQ<\/a> ou <a href=\"https:\/\/2017.europe.wordcamp.org\/contact\/\">contactez-nous<\/a>.<\/p>\n<h3>L&#8217;\u00e9v\u00e9nement et notamment les conf\u00e9rences, sont-ils en anglais ?<\/h3>\n<p><strong>Oui<\/strong>. Le WordCamp Europe a vocation a accueillir des participants de l&#8217;Europe enti\u00e8re (et dans les faits du monde entier). Aussi toutes les conf\u00e9rences sont en anglais. N\u00e9anmoins, comme pour les \u00e9ditions pr\u00e9c\u00e9dentes de S\u00e9ville et Vienne, nous mettrons en place un syst\u00e8me de sous-titrage fran\u00e7ais en direct.<\/p>\n<h3>Le souhaite venir avec mes enfants, possible ?<\/h3>\n<p><strong>Oui.<\/strong> Nous proposons un service de garde tenu par des professionnels. Le garderie se trouvera dans le m\u00eame b\u00e2timent que les conf\u00e9rences. Vous pouvez inscrire vos enfants ici :\u00a0<a href=\"https:\/\/2017.europe.wordcamp.org\/2017\/04\/26\/childcare-at-wordcamp-europe\/\">https:\/\/2017.europe.wordcamp.org\/2017\/04\/26\/childcare-at-wordcamp-europe\/<\/a>.<\/p>\n<h3>Est-ce que les conf\u00e9rences seront retransmises en ligne ?<\/h3>\n<p><strong>Oui.<\/strong> Comme d&#8217;habitude les conf\u00e9rences seront mises en ligne sur <a href=\"https:\/\/wordpress.tv\/category\/wordcamptv\/\">WordPress TV<\/a> et vous pouvez \u00e9galement <a href=\"https:\/\/2017.europe.wordcamp.org\/2017\/06\/05\/announcing-livestream-tickets-sale\/\">les suivre en\u00a0<em>streaming<\/em><\/a>.<\/p>\n","protected":false},"excerpt":{"rendered":"<p>A propos du WordCamp Europe Le WordCamp Europe est un des \u00e9v\u00e9nements les plus importants consacr\u00e9s au logiciel open source WordPress. Le WordCamp Europe existe depuis 2013 et la 5\u00e8me \u00e9dition aura lieu \u00e0 Paris les 15, 16 et 17 juin 2017. L&#8217;\u00e9dition 2016 a vu son nombre de participants doubler et a \u00e9t\u00e9 le [&hellip;]<\/p>\n","protected":false},"author":1792440,"featured_media":2579,"parent":0,"menu_order":0,"comment_status":"closed","ping_status":"closed","template":"","meta":{"_crdt_document":"","jetpack_post_was_ever_published":false,"footnotes":""},"class_list":["post-2010","page","type-page","status-publish","has-post-thumbnail","hentry"],"jetpack_sharing_enabled":true,"jetpack_shortlink":"https:\/\/wp.me\/P7DKI8-wq","_links":{"self":[{"href":"https:\/\/europe.wordcamp.org\/2017\/wp-json\/wp\/v2\/pages\/2010","targetHints":{"allow":["GET"]}}],"collection":[{"href":"https:\/\/europe.wordcamp.org\/2017\/wp-json\/wp\/v2\/pages"}],"about":[{"href":"https:\/\/europe.wordcamp.org\/2017\/wp-json\/wp\/v2\/types\/page"}],"author":[{"embeddable":true,"href":"https:\/\/europe.wordcamp.org\/2017\/wp-json\/wp\/v2\/users\/1792440"}],"replies":[{"embeddable":true,"href":"https:\/\/europe.wordcamp.org\/2017\/wp-json\/wp\/v2\/comments?post=2010"}],"version-history":[{"count":16,"href":"https:\/\/europe.wordcamp.org\/2017\/wp-json\/wp\/v2\/pages\/2010\/revisions"}],"predecessor-version":[{"id":6938,"href":"https:\/\/europe.wordcamp.org\/2017\/wp-json\/wp\/v2\/pages\/2010\/revisions\/6938"}],"wp:featuredmedia":[{"embeddable":true,"href":"https:\/\/europe.wordcamp.org\/2017\/wp-json\/wp\/v2\/media\/2579"}],"wp:attachment":[{"href":"https:\/\/europe.wordcamp.org\/2017\/wp-json\/wp\/v2\/media?parent=2010"}],"curies":[{"name":"wp","href":"https:\/\/api.w.org\/{rel}","templated":true}]}}