{"id":11,"date":"2015-10-02T21:59:56","date_gmt":"2015-10-02T21:59:56","guid":{"rendered":"https:\/\/2016.europe.wordcamp.org\/location\/"},"modified":"2016-03-30T13:03:36","modified_gmt":"2016-03-30T12:03:36","slug":"location","status":"publish","type":"page","link":"https:\/\/europe.wordcamp.org\/2016\/location\/","title":{"rendered":"Location"},"content":{"rendered":"<h2 style=\"text-align: center\">WordCamp Europe 2016 Conference Venue<\/h2>\n<p style=\"text-align: center\">Halle E+G<br \/>\nMuseumsQuartier Wien, Museumsplatz 1, 1070 Vienna<\/p>\n<div id=\"attachment_241\" style=\"width: 1602px\" class=\"wp-caption alignnone\"><a href=\"https:\/\/2016.europe.wordcamp.org\/files\/2015\/10\/5550376278_e81b09a972_o1.jpg\"><img loading=\"lazy\" decoding=\"async\" aria-describedby=\"caption-attachment-241\" data-attachment-id=\"241\" data-permalink=\"https:\/\/europe.wordcamp.org\/2016\/location\/5550376278_e81b09a972_o-2\/\" data-orig-file=\"https:\/\/europe.wordcamp.org\/2016\/files\/2015\/10\/5550376278_e81b09a972_o1-e1447866040526.jpg\" data-orig-size=\"1592,692\" data-comments-opened=\"1\" data-image-meta=\"{&quot;aperture&quot;:&quot;0&quot;,&quot;credit&quot;:&quot;&quot;,&quot;camera&quot;:&quot;&quot;,&quot;caption&quot;:&quot;&quot;,&quot;created_timestamp&quot;:&quot;0&quot;,&quot;copyright&quot;:&quot;&quot;,&quot;focal_length&quot;:&quot;0&quot;,&quot;iso&quot;:&quot;0&quot;,&quot;shutter_speed&quot;:&quot;0&quot;,&quot;title&quot;:&quot;&quot;,&quot;orientation&quot;:&quot;0&quot;}\" data-image-title=\"5550376278_e81b09a972_o\" data-image-description=\"&lt;p&gt;MuseumsQuartier Wien (c) Herta Hurnaus&lt;\/p&gt;\n\" data-image-caption=\"&lt;p&gt;MuseumsQuartier Wien (c) Herta Hurnaus&lt;\/p&gt;\n\" data-large-file=\"https:\/\/europe.wordcamp.org\/2016\/files\/2015\/10\/5550376278_e81b09a972_o1-e1447866040526-1024x445.jpg\" class=\"wp-image-241 size-full\" src=\"https:\/\/2016.europe.wordcamp.org\/files\/2015\/10\/5550376278_e81b09a972_o1-e1447866040526.jpg\" alt=\"\" width=\"1592\" height=\"692\" srcset=\"https:\/\/europe.wordcamp.org\/2016\/files\/2015\/10\/5550376278_e81b09a972_o1-e1447866040526.jpg 1592w, https:\/\/europe.wordcamp.org\/2016\/files\/2015\/10\/5550376278_e81b09a972_o1-e1447866040526-300x130.jpg 300w, https:\/\/europe.wordcamp.org\/2016\/files\/2015\/10\/5550376278_e81b09a972_o1-e1447866040526-1024x445.jpg 1024w, https:\/\/europe.wordcamp.org\/2016\/files\/2015\/10\/5550376278_e81b09a972_o1-e1447866040526-500x217.jpg 500w, https:\/\/europe.wordcamp.org\/2016\/files\/2015\/10\/5550376278_e81b09a972_o1-e1447866040526-1000x435.jpg 1000w\" sizes=\"auto, (max-width: 1592px) 100vw, 1592px\" \/><\/a><p id=\"caption-attachment-241\" class=\"wp-caption-text\">MuseumsQuartier Wien (c) Herta Hurnaus<\/p><\/div>\n<div class=\"googlemaps\">\n\t\t\t\t<iframe loading=\"lazy\" width=\"900\" height=\"400\" frameborder=\"0\" scrolling=\"no\" marginheight=\"0\" marginwidth=\"0\"  src=\"https:\/\/www.google.com\/maps\/embed?pb=!1m14!1m8!1m3!1d10636.639814556636!2d16.3591216!3d48.2035349!3m2!1i1024!2i768!4f13.1!3m3!1m2!1s0x0:0x1a72a4b4ee7ffe94!2sHalle%20E+G%20BetriebsgmbH!5e0!3m2!1sen!2sbg!4v1444388868239\"><\/iframe>\n\t\t\t<\/div>\n<p>If you need accommodation, we have secured some <a href=\"https:\/\/2016.europe.wordcamp.org\/hotels-in-vienna\/\">deals in nearby hotels<\/a> for you.<\/p>\n<p>Halle E+G can be reached by public transport like this:<\/p>\n<ul>\n<li><a href=\"https:\/\/www.google.at\/maps\/place\/Volkstheater+(Burggasse)\/@48.205117,16.3556933,17z\/data=!3m1!4b1!4m2!3m1!1s0x476d079105bc7753:0x2c9af13ed660557b\">Volkstheater<\/a>: U2, U3, 49 (tram), 48A (bus)<\/li>\n<li><a href=\"https:\/\/www.google.at\/maps\/place\/Dr.Karl+Renner+Ring\/@48.2065,16.3579803,17z\/data=!3m1!4b1!4m2!3m1!1s0x476d0790d1a3c955:0x737b1a22727a7f81\">Dr. Karl Renner Ring<\/a>: D, 1, 2, 71 (trams) with a 5min walk<\/li>\n<li><a href=\"https:\/\/www.google.at\/maps\/place\/Museumsquartier\/@48.2025532,16.3587245,17z\/data=!3m1!4b1!4m2!3m1!1s0x476d079aa383dda3:0xe5496895ad07b05b\">Museumsquartier<\/a>: U2<\/li>\n<\/ul>\n<h2 style=\"text-align: center\">Contributor day<\/h2>\n<h2 style=\"text-align: center\"><a href=\"https:\/\/www.google.at\/maps\/place\/Universit%C3%A4t+Wien+-+Fakult%C3%A4t+f%C3%BCr+Informatik\/@48.2200711,16.3540881,17z\/data=!3m1!4b1!4m2!3m1!1s0x476d07c77902a505:0x37538533a6ffe573?hl=en\">Universit\u00e4t Wien \/ Vienna University<br \/>\nW\u00e4hringerstrasse 29, 1090 Vienna, Austria<\/a><\/h2>\n<p><img loading=\"lazy\" decoding=\"async\" data-attachment-id=\"250\" data-permalink=\"https:\/\/europe.wordcamp.org\/2016\/location\/attachment\/1336756742795\/\" data-orig-file=\"https:\/\/europe.wordcamp.org\/2016\/files\/2015\/10\/1336756742795.jpg\" data-orig-size=\"645,400\" data-comments-opened=\"1\" data-image-meta=\"{&quot;aperture&quot;:&quot;0&quot;,&quot;credit&quot;:&quot;&quot;,&quot;camera&quot;:&quot;&quot;,&quot;caption&quot;:&quot;&quot;,&quot;created_timestamp&quot;:&quot;0&quot;,&quot;copyright&quot;:&quot;&quot;,&quot;focal_length&quot;:&quot;0&quot;,&quot;iso&quot;:&quot;0&quot;,&quot;shutter_speed&quot;:&quot;0&quot;,&quot;title&quot;:&quot;&quot;,&quot;orientation&quot;:&quot;0&quot;}\" data-image-title=\"1336756742795\" data-image-description=\"\" data-image-caption=\"\" data-large-file=\"https:\/\/europe.wordcamp.org\/2016\/files\/2015\/10\/1336756742795.jpg\" class=\"alignnone wp-image-250 size-full\" src=\"https:\/\/2016.europe.wordcamp.org\/files\/2015\/10\/1336756742795.jpg\" alt=\"\" width=\"645\" height=\"400\" srcset=\"https:\/\/europe.wordcamp.org\/2016\/files\/2015\/10\/1336756742795.jpg 645w, https:\/\/europe.wordcamp.org\/2016\/files\/2015\/10\/1336756742795-300x186.jpg 300w, https:\/\/europe.wordcamp.org\/2016\/files\/2015\/10\/1336756742795-484x300.jpg 484w\" sizes=\"auto, (max-width: 645px) 100vw, 645px\" \/><\/p>\n<div class=\"googlemaps\">\n\t\t\t\t<iframe loading=\"lazy\" width=\"900\" height=\"400\" frameborder=\"0\" scrolling=\"no\" marginheight=\"0\" marginwidth=\"0\"  src=\"https:\/\/www.google.com\/maps\/embed?pb=!1m18!1m12!1m3!1d2658.3013765454257!2d16.354088115898225!3d48.22007107923006!2m3!1f0!2f0!3f0!3m2!1i1024!2i768!4f13.1!3m3!1m2!1s0x476d07c77902a505:0x37538533a6ffe573!2sUniversit\u00e4t%20Wien%20-%20Fakult\u00e4t%20f\u00fcr%20Informatik!5e0!3m2!1sen!2sat!4v1459339297111\"><\/iframe>\n\t\t\t<\/div>\n<p>The Contributor day venue can be reached by public transport like this:<\/p>\n<ul>\n<li>Sensengasse (only direction Schottentor): 37, 38, 40, 41, 42 (trams)<\/li>\n<li>Spitalgasse\/W\u00e4hringer Stra\u00dfe: 5, 33, 37, 38, 40, 41, 42 (trams) with a 3min walk<\/li>\n<li>Schottentor: U2 with a 6mins walk (or connect to the trams 37, 38, 40, 41, 42 for one stop (see above))<\/li>\n<\/ul>\n","protected":false},"excerpt":{"rendered":"<p>WordCamp Europe 2016 Conference Venue Halle E+G MuseumsQuartier Wien, Museumsplatz 1, 1070 Vienna If you need accommodation, we have secured some deals in nearby hotels for you. Halle E+G can be reached by public transport like this: Volkstheater: U2, U3, &hellip; <a href=\"https:\/\/europe.wordcamp.org\/2016\/location\/\">Continue reading <span class=\"assistive-text\">Location<\/span>  <span class=\"meta-nav\">&rarr;<\/span><\/a><\/p>\n","protected":false},"author":9920888,"featured_media":241,"parent":0,"menu_order":0,"comment_status":"closed","ping_status":"closed","template":"","meta":{"_crdt_document":"","jetpack_post_was_ever_published":false,"footnotes":""},"class_list":["post-11","page","type-page","status-publish","has-post-thumbnail","hentry"],"jetpack_sharing_enabled":true,"jetpack_shortlink":"https:\/\/wp.me\/P6NYKL-b","_links":{"self":[{"href":"https:\/\/europe.wordcamp.org\/2016\/wp-json\/wp\/v2\/pages\/11","targetHints":{"allow":["GET"]}}],"collection":[{"href":"https:\/\/europe.wordcamp.org\/2016\/wp-json\/wp\/v2\/pages"}],"about":[{"href":"https:\/\/europe.wordcamp.org\/2016\/wp-json\/wp\/v2\/types\/page"}],"author":[{"embeddable":true,"href":"https:\/\/europe.wordcamp.org\/2016\/wp-json\/wp\/v2\/users\/9920888"}],"replies":[{"embeddable":true,"href":"https:\/\/europe.wordcamp.org\/2016\/wp-json\/wp\/v2\/comments?post=11"}],"version-history":[{"count":19,"href":"https:\/\/europe.wordcamp.org\/2016\/wp-json\/wp\/v2\/pages\/11\/revisions"}],"predecessor-version":[{"id":4087,"href":"https:\/\/europe.wordcamp.org\/2016\/wp-json\/wp\/v2\/pages\/11\/revisions\/4087"}],"wp:featuredmedia":[{"embeddable":true,"href":"https:\/\/europe.wordcamp.org\/2016\/wp-json\/wp\/v2\/media\/241"}],"wp:attachment":[{"href":"https:\/\/europe.wordcamp.org\/2016\/wp-json\/wp\/v2\/media?parent=11"}],"curies":[{"name":"wp","href":"https:\/\/api.w.org\/{rel}","templated":true}]}}