{"id":9,"date":"2015-01-06T18:31:53","date_gmt":"2015-01-06T18:31:53","guid":{"rendered":"https:\/\/2015.europe.wordcamp.org\/location\/"},"modified":"2015-05-01T12:40:49","modified_gmt":"2015-05-01T12:40:49","slug":"location","status":"publish","type":"page","link":"https:\/\/europe.wordcamp.org\/2015\/location\/","title":{"rendered":"Dates &amp; Location"},"content":{"rendered":"<h2 style=\"text-align: center\">When and where<\/h2>\n<h4 style=\"text-align: center\"><strong>26 &#8211; 28 June 2015<\/strong><\/h4>\n<p style=\"text-align: center\"><strong>Conference days: Friday, June 26th \/ Saturday, June 27th<\/strong><\/p>\n<p style=\"text-align: center\"><strong>Contributor day: Sunday, June 28th<\/strong><\/p>\n<h4 style=\"text-align: center\"><strong>Barcel\u00f3 Gran Hotel Renacimiento, Seville, Spain<\/strong><\/h4>\n<p>&nbsp;<\/p>\n<p><img loading=\"lazy\" decoding=\"async\" data-attachment-id=\"667\" data-permalink=\"https:\/\/europe.wordcamp.org\/2015\/location\/vistas-noche-sevilla-barcelo-renacimiento21-67903\/\" data-orig-file=\"https:\/\/europe.wordcamp.org\/2015\/files\/2015\/01\/vistas-noche-sevilla-barcelo-renacimiento21-67903.jpg\" data-orig-size=\"910,450\" data-comments-opened=\"1\" data-image-meta=\"{&quot;aperture&quot;:&quot;0&quot;,&quot;credit&quot;:&quot;Pere Peris&quot;,&quot;camera&quot;:&quot;&quot;,&quot;caption&quot;:&quot;&quot;,&quot;created_timestamp&quot;:&quot;0&quot;,&quot;copyright&quot;:&quot;Pere Peris&quot;,&quot;focal_length&quot;:&quot;0&quot;,&quot;iso&quot;:&quot;0&quot;,&quot;shutter_speed&quot;:&quot;0&quot;,&quot;title&quot;:&quot;&quot;,&quot;orientation&quot;:&quot;0&quot;}\" data-image-title=\"vistas-noche-sevilla-barcelo-renacimiento21-67903\" data-image-description=\"\" data-image-caption=\"\" data-medium-file=\"https:\/\/europe.wordcamp.org\/2015\/files\/2015\/01\/vistas-noche-sevilla-barcelo-renacimiento21-67903-300x148.jpg\" data-large-file=\"https:\/\/europe.wordcamp.org\/2015\/files\/2015\/01\/vistas-noche-sevilla-barcelo-renacimiento21-67903.jpg\" class=\"alignnone size-full wp-image-667\" src=\"https:\/\/2015.europe.wordcamp.org\/files\/2015\/01\/vistas-noche-sevilla-barcelo-renacimiento21-67903.jpg\" alt=\"vistas-noche-sevilla-barcelo-renacimiento21-67903\" width=\"910\" height=\"450\" srcset=\"https:\/\/europe.wordcamp.org\/2015\/files\/2015\/01\/vistas-noche-sevilla-barcelo-renacimiento21-67903.jpg 910w, https:\/\/europe.wordcamp.org\/2015\/files\/2015\/01\/vistas-noche-sevilla-barcelo-renacimiento21-67903-300x148.jpg 300w, https:\/\/europe.wordcamp.org\/2015\/files\/2015\/01\/vistas-noche-sevilla-barcelo-renacimiento21-67903-500x247.jpg 500w\" sizes=\"auto, (max-width: 910px) 100vw, 910px\" \/><\/p>\n<p style=\"text-align: center\">Keeping the original idea alive, WordCamp Europe is organised in a different European city every year. After starting it off in the North in Leiden in 2013 and moving east to Sofia in 2014, in 2015 we&#8217;re going South&nbsp;to beautiful Seville and will be hosted by the great Spanish WordPress community. We hope you are as excited about this as we are!<\/p>\n<h3 style=\"text-align: center\">Map<\/h3>\n<p style=\"text-align: center\"><div class=\"googlemaps\">\n\t\t\t\t<iframe loading=\"lazy\" width=\"600\" height=\"450\" frameborder=\"0\" scrolling=\"no\" marginheight=\"0\" marginwidth=\"0\"  src=\"https:\/\/www.google.com\/maps\/embed?pb=!1m14!1m8!1m3!1d12676.571116917565!2d-5.995808!3d37.4101!3m2!1i1024!2i768!4f13.1!3m3!1m2!1s0x0:0xb0a52153c5047978!2sBarcel\u00f3%20Sevilla%20Renacimiento!5e0!3m2!1sen!2sbg!4v1422870491606\"><\/iframe>\n\t\t\t<\/div><\/p>\n<h2 style=\"text-align: center\">Get to Seville<\/h2>\n<p>Read our detailed post on <strong><a href=\"https:\/\/2015.europe.wordcamp.org\/get-to-know-seville-how-to-get-there\/\">how to get to Seville<\/a><\/strong> &#8211; tips about airports, bus stations, and getting out and about in the city<\/p>\n<h2 style=\"text-align: center\">Language<\/h2>\n<p style=\"text-align: center\">WordCamp Europe 2015 will be an&nbsp;amazing event for both guests and local community.&nbsp;<strong>All lectures will be in English<\/strong>, but we&nbsp;will provide&nbsp;Simultaneous Interpretation&nbsp;in&nbsp;Spanish. Some of the content of the site will also be translated thanks to our fabulous local Seville organising team.<\/p>\n<h2 style=\"text-align: center\">Stay tuned<\/h2>\n<p style=\"text-align: center\">Don&#8217;t forget to subscribe for new announcements and to follow <a href=\"http:\/\/twitter.com\/wceurope\">@WCEurope<\/a> on Twitter (or the <a href=\"https:\/\/twitter.com\/hashtag\/wceu\">#WCEU<\/a> hashtag),&nbsp;our <a href=\"https:\/\/www.facebook.com\/WordCampEurope\">Facebook page<\/a>&nbsp;and <a href=\"https:\/\/plus.google.com\/b\/111206512395258367886\/111206512395258367886\/posts\">Google + page<\/a> to receive fresh information on what&#8217;s cooking.<\/p>\n<p><!-- Spanish Translation \u00b7 no delete please --><\/p>\n<hr \/>\n<h2 style=\"text-align: center\">Sitio<\/h2>\n<p style=\"text-align: center\">\u00a1Ya sabemos fecha y lugar de la WordCamp Europa 2015!<\/p>\n<p style=\"text-align: center\">Por tercer a\u00f1o consecutivo la creciente comunidad europea se reunir\u00e1 durante tres d\u00edas para intercambiar conocimientos, crear redes, divertirse y hacer amistades.<\/p>\n<h2 style=\"text-align: center\">D\u00f3nde y cu\u00e1ndo<\/h2>\n<h4 style=\"text-align: center\"><strong>26 \u2013 28 Junio 2015<\/strong><\/h4>\n<p style=\"text-align: center\"><strong>Conferencias: Viernes, 26 de junio \/ S\u00e1bado, 27 de junio<\/strong><br \/>\n<strong>D\u00eda de comunidad: Domingo, 28 de junio<\/strong><\/p>\n<h4 style=\"text-align: center\"><strong>Barcel\u00f3 Gran Hotel Renacimiento, Sevilla, Espa\u00f1a<\/strong><\/h4>\n<p><img loading=\"lazy\" decoding=\"async\" class=\"alignnone\" src=\"http:\/\/www.barcelo.com\/BarceloHotels\/en_GB\/Images\/vistas-noche-sevilla-barcelo-renacimiento21-67903.jpg\" alt=\"\" width=\"910\" height=\"450\" \/><\/p>\n<p style=\"text-align: center\">Manteniendo la idea original, WordCamp Europa se organiza en una ciudad europea diferente cada a\u00f1o. Se inici\u00f3 en el Norte en Leiden (2013), se traslad\u00f3 hacia el Este a Sof\u00eda (2014) y en 2015 vamos al Sur a la hermosa Sevilla donde seremos acogidos por la gran comunidad espa\u00f1ola WordPress. \u00a1Esperamos que est\u00e9s tan emocionado como nosotros!<\/p>\n<h3 style=\"text-align: center\">Mapa<\/h3>\n<p style=\"text-align: center\"><div class=\"googlemaps\">\n\t\t\t\t<iframe loading=\"lazy\" width=\"600\" height=\"450\" frameborder=\"0\" scrolling=\"no\" marginheight=\"0\" marginwidth=\"0\"  src=\"https:\/\/www.google.com\/maps\/embed?pb=!1m14!1m8!1m3!1d12676.571116917565!2d-5.995808!3d37.4101!3m2!1i1024!2i768!4f13.1!3m3!1m2!1s0x0:0xb0a52153c5047978!2sBarcel\u00f3%20Sevilla%20Renacimiento!5e0!3m2!1sen!2sbg!4v1422870491606\"><\/iframe>\n\t\t\t<\/div><\/p>\n<h2 style=\"text-align: center\">Idioma<\/h2>\n<p style=\"text-align: center\">WordCamp Europa 2015 ser\u00e1 un evento incre\u00edble para los visitantes y la comunidad local. <strong>Todas las conferencias ser\u00e1n en ingl\u00e9s<\/strong>, pero se facilitar\u00e1 traducci\u00f3n simult\u00e1nea en espa\u00f1ol. Y algunos de los contenidos de la p\u00e1gina tambi\u00e9n se traducir\u00e1n gracias a nuestro fabuloso equipo organizador local Sevilla.<\/p>\n<h2 style=\"text-align: center\">Mantente al tanto<\/h2>\n<p style=\"text-align: center\">No te olvides suscribirte a las novedades y seguir <a href=\"http:\/\/twitter.com\/wceurope\">@WCEurope<\/a> en Twitter (o el hashtag <a href=\"https:\/\/twitter.com\/hashtag\/wceu\">#WCEU<\/a>), nuestras p\u00e1ginas de <a href=\"https:\/\/www.facebook.com\/WordCampEurope\">Facebook<\/a> y&nbsp;<a href=\"https:\/\/plus.google.com\/b\/111206512395258367886\/111206512395258367886\/posts\">Google +<\/a> para recibir informaci\u00f3n actualizada sobre lo que est\u00e1 sucediendo.<\/p>\n","protected":false},"excerpt":{"rendered":"<p>When and where 26 &#8211; 28 June 2015 Conference days: Friday, June 26th \/ Saturday, June 27th Contributor day: Sunday, June 28th Barcel\u00f3 Gran Hotel Renacimiento, Seville, Spain &nbsp; Keeping the original idea alive, WordCamp Europe is organised in a &hellip; <a href=\"https:\/\/europe.wordcamp.org\/2015\/location\/\">Continue reading <span class=\"screen-reader-text\">Dates &amp; Location<\/span>  <span class=\"meta-nav\">&rarr;<\/span><\/a><\/p>\n","protected":false},"author":7518923,"featured_media":0,"parent":0,"menu_order":0,"comment_status":"open","ping_status":"closed","template":"","meta":{"jetpack_post_was_ever_published":false,"footnotes":""},"class_list":["post-9","page","type-page","status-publish","hentry"],"jetpack_likes_enabled":true,"jetpack_sharing_enabled":true,"jetpack_shortlink":"https:\/\/wp.me\/P5A9VZ-9","_links":{"self":[{"href":"https:\/\/europe.wordcamp.org\/2015\/wp-json\/wp\/v2\/pages\/9","targetHints":{"allow":["GET"]}}],"collection":[{"href":"https:\/\/europe.wordcamp.org\/2015\/wp-json\/wp\/v2\/pages"}],"about":[{"href":"https:\/\/europe.wordcamp.org\/2015\/wp-json\/wp\/v2\/types\/page"}],"author":[{"embeddable":true,"href":"https:\/\/europe.wordcamp.org\/2015\/wp-json\/wp\/v2\/users\/7518923"}],"replies":[{"embeddable":true,"href":"https:\/\/europe.wordcamp.org\/2015\/wp-json\/wp\/v2\/comments?post=9"}],"version-history":[{"count":20,"href":"https:\/\/europe.wordcamp.org\/2015\/wp-json\/wp\/v2\/pages\/9\/revisions"}],"predecessor-version":[{"id":2443,"href":"https:\/\/europe.wordcamp.org\/2015\/wp-json\/wp\/v2\/pages\/9\/revisions\/2443"}],"wp:attachment":[{"href":"https:\/\/europe.wordcamp.org\/2015\/wp-json\/wp\/v2\/media?parent=9"}],"curies":[{"name":"wp","href":"https:\/\/api.w.org\/{rel}","templated":true}]}}