{"id":38,"date":"2015-01-08T14:31:58","date_gmt":"2015-01-08T14:31:58","guid":{"rendered":"https:\/\/2015.europe.wordcamp.org\/?page_id=38"},"modified":"2015-02-02T17:52:30","modified_gmt":"2015-02-02T17:52:30","slug":"about-wordcamp-europe","status":"publish","type":"page","link":"https:\/\/europe.wordcamp.org\/2015\/about-wordcamp-europe\/","title":{"rendered":"About WordCamp Europe"},"content":{"rendered":"<p>WordCamp Europe is a global WordPress event gathering WordPress enthusiasts\u00a0from across Europe together for three days of knowledge sharing and fun.<\/p>\n<p><strong>In 2015 WordCamp Europe will bring the growing European WordPress community together for the third time.<\/strong><\/p>\n<h2>When and where in 2015<\/h2>\n<h4><strong>26 \u2013 28 June 2015<\/strong><\/h4>\n<p><strong>Conference days: Friday, June 26th \/ Saturday, June 27th<\/strong><br \/>\n<strong>Contributor day: Sunday, June 28th<\/strong><\/p>\n<h4><strong>Barcel\u00f3 Gran Hotel Renacimiento, Seville, Spain<\/strong><\/h4>\n<p>Stay tuned for updates on\u00a0<a href=\"http:\/\/twitter.com\/wceurope\">Twitter<\/a>\u00a0(<em><a href=\"https:\/\/twitter.com\/search?q=%23wceu\"><strong>#wceu<\/strong><\/a> <\/em>),\u00a0<a href=\"https:\/\/www.facebook.com\/WordCampEurope\">Facebook<\/a>, and <a href=\"https:\/\/plus.google.com\/111206512395258367886\/posts\">Google +<\/a>\u00a0or subscribe to receive the news first.<\/p>\n<p>Meanwhile check out what happened at\u00a0<a href=\"http:\/\/2013.europe.wordcamp.org\/\">WCEU 2013<\/a> and <a href=\"http:\/\/2013.europe.wordcamp.org\/\">WCEU 2014<\/a>\u00a0or watch this awesome video to get a glimpse of the event:<\/p>\n<p><span class=\"embed-youtube\" style=\"text-align:center; display: block;\"><iframe loading=\"lazy\" class=\"youtube-player\" width=\"640\" height=\"360\" src=\"https:\/\/www.youtube.com\/embed\/YsBEcDRxZTA?version=3&#038;rel=1&#038;showsearch=0&#038;showinfo=1&#038;iv_load_policy=1&#038;fs=1&#038;hl=en-US&#038;autohide=2&#038;wmode=transparent\" allowfullscreen=\"true\" style=\"border:0;\" sandbox=\"allow-scripts allow-same-origin allow-popups allow-presentation allow-popups-to-escape-sandbox\"><\/iframe><\/span><\/p>\n<h2><\/h2>\n<p>&nbsp;<\/p>\n<hr \/>\n<p>&nbsp;<\/p>\n<h2>Acerca de WordCamp Europa<\/h2>\n<p>WordCamp Europa es un evento global de WordPress que re\u00fane a entusiastas europeos durante tres d\u00edas para intercambiar conocimientos y pasarlo bien.<\/p>\n<p><strong>En 2015 WordCamp Europa reunir\u00e1 a la comunidad europea por tercera vez.<\/strong><\/p>\n<h2>\u00bfCu\u00e1ndo y d\u00f3nde?<\/h2>\n<h4><strong>26 \u2013 28 Junio 2015<\/strong><\/h4>\n<p><strong>Conferencias: Viernes, 26 de junio \/ S\u00e1bado, 27 de junio<\/strong><br \/>\n<strong>D\u00eda de comunidad: Domingo, 28 de junio<\/strong><\/p>\n<h4><strong>Barcel\u00f3 Gran Hotel Renacimiento, Sevilla, Espa\u00f1a<\/strong><\/h4>\n<p>Estate atento a las actualizaciones, s\u00edguenos en  <a href=\"http:\/\/twitter.com\/wceurope\">Twitter<\/a> (<em><a href=\"https:\/\/twitter.com\/search?q=%23wceu\"><strong>#wceu<\/strong><\/a> <\/em>), <a href=\"https:\/\/www.facebook.com\/WordCampEurope\">Facebook<\/a> y <a href=\"https:\/\/plus.google.com\/111206512395258367886\/posts\">Google +<\/a>, o suscr\u00edbete para recibir las noticias de primera mano.<\/p>\n<p>Mientras tanto, echa un vistazo para conocer qu\u00e9 sucedi\u00f3 en las dos WordCamp anteriores, <a href=\"http:\/\/2013.europe.wordcamp.org\/\">WCEU 2013<\/a> y <a href=\"http:\/\/2013.europe.wordcamp.org\/\">WCEU 2014<\/a>, y adem\u00e1s mira este video inspirador para hacerte una idea de c\u00f3mo ser\u00e1 el evento.<\/p>\n","protected":false},"excerpt":{"rendered":"<p>WordCamp Europe is a global WordPress event gathering WordPress enthusiasts\u00a0from across Europe together for three days of knowledge sharing and fun. In 2015 WordCamp Europe will bring the growing European WordPress community together for the third time. When and where &hellip; <a href=\"https:\/\/europe.wordcamp.org\/2015\/about-wordcamp-europe\/\">Continue reading <span class=\"screen-reader-text\">About WordCamp Europe<\/span>  <span class=\"meta-nav\">&rarr;<\/span><\/a><\/p>\n","protected":false},"author":9920888,"featured_media":0,"parent":0,"menu_order":0,"comment_status":"closed","ping_status":"closed","template":"","meta":{"jetpack_post_was_ever_published":false,"footnotes":""},"class_list":["post-38","page","type-page","status-publish","hentry"],"jetpack_likes_enabled":true,"jetpack_sharing_enabled":true,"jetpack_shortlink":"https:\/\/wp.me\/P5A9VZ-C","_links":{"self":[{"href":"https:\/\/europe.wordcamp.org\/2015\/wp-json\/wp\/v2\/pages\/38","targetHints":{"allow":["GET"]}}],"collection":[{"href":"https:\/\/europe.wordcamp.org\/2015\/wp-json\/wp\/v2\/pages"}],"about":[{"href":"https:\/\/europe.wordcamp.org\/2015\/wp-json\/wp\/v2\/types\/page"}],"author":[{"embeddable":true,"href":"https:\/\/europe.wordcamp.org\/2015\/wp-json\/wp\/v2\/users\/9920888"}],"replies":[{"embeddable":true,"href":"https:\/\/europe.wordcamp.org\/2015\/wp-json\/wp\/v2\/comments?post=38"}],"version-history":[{"count":16,"href":"https:\/\/europe.wordcamp.org\/2015\/wp-json\/wp\/v2\/pages\/38\/revisions"}],"predecessor-version":[{"id":90,"href":"https:\/\/europe.wordcamp.org\/2015\/wp-json\/wp\/v2\/pages\/38\/revisions\/90"}],"wp:attachment":[{"href":"https:\/\/europe.wordcamp.org\/2015\/wp-json\/wp\/v2\/media?parent=38"}],"curies":[{"name":"wp","href":"https:\/\/api.w.org\/{rel}","templated":true}]}}