{"id":2024,"date":"2015-04-16T17:04:26","date_gmt":"2015-04-16T17:04:26","guid":{"rendered":"https:\/\/2015.europe.wordcamp.org\/?page_id=2024"},"modified":"2015-04-16T17:04:26","modified_gmt":"2015-04-16T17:04:26","slug":"train-tickets","status":"publish","type":"page","link":"https:\/\/europe.wordcamp.org\/2015\/train-tickets\/","title":{"rendered":"Train Tickets"},"content":{"rendered":"<p>Are you organizing your trip? Good news! The team of organizers WCEU got the offer of <a title=\"Renfe\" href=\"http:\/\/www.renfe.com\" target=\"_blank\">Renfe<\/a>\u00a0(Spanish railway company).<\/p>\n<p>Be sure to follow the instructions and so get the discount!<\/p>\n<p class=\"p2\">Valid from:\u00a0<strong>24\/06\/2015<\/strong>\u00a0to\u00a0<strong>30\/06\/2015<\/strong><\/p>\n<p class=\"p2\">Railway Station: <strong>Sevilla-Santa Justa<\/strong><\/p>\n<p>Conditions:<\/p>\n<p>Get your tickets by internet (<a title=\"Renfe\" href=\"http:\/\/www.renfe.com\" target=\"_blank\">www.renfe.com<\/a>) or by submitting this voucher at any\u00a0<a title=\"Renfe\" href=\"http:\/\/www.renfe.com\" target=\"_blank\">Renfe<\/a>\u00a0ticket offices (Railway Stations or travel agencies). The holder will get a discount on national routes, one way or return ticket, to the closest train station that holds the event.<\/p>\n<ul>\n<li>This <a href=\"https:\/\/2015.europe.wordcamp.org\/files\/2015\/04\/TES_2015_01092.pdf\">voucher<\/a> will be shown to the Controller along with your ticket.<\/li>\n<li>Non stopovers allowed, except when a change of train is mandatory.<\/li>\n<li>For full conditions, please see General Conditions for Passenger Transport Contracts.<\/li>\n<li>Not combined with any other commercial offer.<\/li>\n<\/ul>\n<p><a href=\"https:\/\/2015.europe.wordcamp.org\/files\/2015\/04\/renfe-congresos1.png\"><img loading=\"lazy\" decoding=\"async\" data-attachment-id=\"2034\" data-permalink=\"https:\/\/europe.wordcamp.org\/2015\/train-tickets\/renfe-congresos-2\/\" data-orig-file=\"https:\/\/europe.wordcamp.org\/2015\/files\/2015\/04\/renfe-congresos1.png\" data-orig-size=\"1020,805\" data-comments-opened=\"1\" data-image-meta=\"{&quot;aperture&quot;:&quot;0&quot;,&quot;credit&quot;:&quot;&quot;,&quot;camera&quot;:&quot;&quot;,&quot;caption&quot;:&quot;&quot;,&quot;created_timestamp&quot;:&quot;0&quot;,&quot;copyright&quot;:&quot;&quot;,&quot;focal_length&quot;:&quot;0&quot;,&quot;iso&quot;:&quot;0&quot;,&quot;shutter_speed&quot;:&quot;0&quot;,&quot;title&quot;:&quot;&quot;,&quot;orientation&quot;:&quot;0&quot;}\" data-image-title=\"renfe-congresos\" data-image-description=\"\" data-image-caption=\"\" data-large-file=\"https:\/\/europe.wordcamp.org\/2015\/files\/2015\/04\/renfe-congresos1-1000x789.png\" class=\"alignnone size-medium wp-image-2034\" src=\"https:\/\/2015.europe.wordcamp.org\/files\/2015\/04\/renfe-congresos1-300x237.png\" alt=\"renfe-congresos\" width=\"300\" height=\"237\" srcset=\"https:\/\/europe.wordcamp.org\/2015\/files\/2015\/04\/renfe-congresos1-300x237.png 300w, https:\/\/europe.wordcamp.org\/2015\/files\/2015\/04\/renfe-congresos1-1000x789.png 1000w, https:\/\/europe.wordcamp.org\/2015\/files\/2015\/04\/renfe-congresos1-380x300.png 380w, https:\/\/europe.wordcamp.org\/2015\/files\/2015\/04\/renfe-congresos1.png 1020w\" sizes=\"auto, (max-width: 300px) 100vw, 300px\" \/><\/a><\/p>\n<p>&nbsp;<\/p>\n<p><!-- Spanish Translation \u00b7 no delete please --><\/p>\n<hr \/>\n<p>&nbsp;<\/p>\n<h2>Billetes de tren<\/h2>\n<p>\u00bfEst\u00e1s organizando tu viaje? \u00a1Buenas noticias! El equipo de organizadores WCEU consigui\u00f3 un oferta de <a title=\"Renfe\" href=\"http:\/\/www.renfe.com\" target=\"_blank\">Renfe<\/a>\u00a0(compa\u00f1\u00eda de trenes espa\u00f1ola).<\/p>\n<p>\u00a1Aseg\u00farate de seguir las instrucciones y as\u00ed conseguir\u00e1s el descuento!<\/p>\n<p class=\"p2\">Plazo de validez: <strong>24\/06\/2015<\/strong> al <strong>30\/06\/2015<\/strong><\/p>\n<p class=\"p2\">Estaci\u00f3n de destino: <strong>Sevilla-Santa Justa<\/strong><\/p>\n<p>Condiciones:<\/p>\n<p>Adquiere tus billetes por internet (www.renfe.com) o mediante la presentaci\u00f3n de este <a title=\"Documento de Autorizaci\u00f3n de Descuento WCEU\" href=\"https:\/\/2015.europe.wordcamp.org\/files\/2015\/04\/TES_2015_01092.pdf\" target=\"_blank\">documento<\/a> en cualquier punto de venta Renfe (Estaciones y Agencias de Viaje). Podr\u00e1s obtener billetes en recorridos nacionales de Ida y\/o Regreso con origen y destino a la estaci\u00f3n m\u00e1s cercana a la localidad que acoja el evento con el % de reducci\u00f3n establecido en cada caso.<\/p>\n<ul>\n<li>Este\u00a0<a title=\"Documento de Autorizaci\u00f3n de Descuento WCEU\" href=\"https:\/\/2015.europe.wordcamp.org\/files\/2015\/04\/TES_2015_01092.pdf\" target=\"_blank\">documento<\/a>\u00a0ser\u00e1 mostrado al Interventor\/Supervisor junto con el billete.<\/li>\n<li>No est\u00e1n autorizadas las paradas en ruta, salvo en los casos obligados por cambio de tren.<\/li>\n<li>Todo lo no dispuesto en este documento se regir\u00e1 por las Condiciones Generales de los Contratos de Transporte con Viajeros.<\/li>\n<li>No acumulable a ninguna otra oferta comercial.<\/li>\n<\/ul>\n","protected":false},"excerpt":{"rendered":"<p>Are you organizing your trip? Good news! The team of organizers WCEU got the offer of Renfe\u00a0(Spanish railway company). Be sure to follow the instructions and so get the discount! Valid from:\u00a024\/06\/2015\u00a0to\u00a030\/06\/2015 Railway Station: Sevilla-Santa Justa Conditions: Get your tickets &hellip; <a href=\"https:\/\/europe.wordcamp.org\/2015\/train-tickets\/\">Continue reading <span class=\"screen-reader-text\">Train Tickets<\/span>  <span class=\"meta-nav\">&rarr;<\/span><\/a><\/p>\n","protected":false},"author":13286167,"featured_media":0,"parent":0,"menu_order":0,"comment_status":"open","ping_status":"open","template":"","meta":{"_crdt_document":"","jetpack_post_was_ever_published":false,"footnotes":""},"class_list":["post-2024","page","type-page","status-publish","hentry"],"jetpack_likes_enabled":true,"jetpack_sharing_enabled":true,"jetpack_shortlink":"https:\/\/wp.me\/P5A9VZ-wE","_links":{"self":[{"href":"https:\/\/europe.wordcamp.org\/2015\/wp-json\/wp\/v2\/pages\/2024","targetHints":{"allow":["GET"]}}],"collection":[{"href":"https:\/\/europe.wordcamp.org\/2015\/wp-json\/wp\/v2\/pages"}],"about":[{"href":"https:\/\/europe.wordcamp.org\/2015\/wp-json\/wp\/v2\/types\/page"}],"author":[{"embeddable":true,"href":"https:\/\/europe.wordcamp.org\/2015\/wp-json\/wp\/v2\/users\/13286167"}],"replies":[{"embeddable":true,"href":"https:\/\/europe.wordcamp.org\/2015\/wp-json\/wp\/v2\/comments?post=2024"}],"version-history":[{"count":19,"href":"https:\/\/europe.wordcamp.org\/2015\/wp-json\/wp\/v2\/pages\/2024\/revisions"}],"predecessor-version":[{"id":2788,"href":"https:\/\/europe.wordcamp.org\/2015\/wp-json\/wp\/v2\/pages\/2024\/revisions\/2788"}],"wp:attachment":[{"href":"https:\/\/europe.wordcamp.org\/2015\/wp-json\/wp\/v2\/media?parent=2024"}],"curies":[{"name":"wp","href":"https:\/\/api.w.org\/{rel}","templated":true}]}}