{"id":188,"date":"2015-03-06T17:08:29","date_gmt":"2015-03-06T17:08:29","guid":{"rendered":"https:\/\/2015.europe.wordcamp.org\/?page_id=188"},"modified":"2015-06-05T19:16:23","modified_gmt":"2015-06-05T19:16:23","slug":"hotels-in-seville","status":"publish","type":"page","link":"https:\/\/europe.wordcamp.org\/2015\/hotels-in-seville\/","title":{"rendered":"Hotels in Seville"},"content":{"rendered":"<p>Great news, WordCampers! The team of WCEU organisers managed to get you all deals on hotels in Seville. Here\u2019s a <a title=\"Hotels in Seville\" href=\"https:\/\/www.google.com\/maps\/d\/edit?mid=zWLlr1rraJQ4.kz_-9S1k9b28\" target=\"_blank\">map<\/a> with all the deals on hotels and the some places of interest.<\/p>\n<p>We\u2019ve picked places we know will take good care of you and you will have an easily access the venue (walk, bike or bus). Take your pick and make sure you let the hotel know you&#8217;re going to WCEU to get the discount!<\/p>\n<div class=\"googlemaps\">\n\t\t\t\t<iframe loading=\"lazy\" width=\"640\" height=\"480\" frameborder=\"0\" scrolling=\"no\" marginheight=\"0\" marginwidth=\"0\"  src=\"https:\/\/mapsengine.google.com\/map\/u\/0\/embed?mid=zWLlr1rraJQ4.kz_-9S1k9b28\"><\/iframe>\n\t\t\t<\/div>\n<p><!-- Spanish Translation \u00b7 no delete please --><\/p>\n<h3>Oferta de hoteles en Sevilla<\/h3>\n<p>\u00a1WordCampers, una gran noticia! El equipo de organizadores WCEU consigui\u00f3 las siguientes ofertas de hoteles en Sevilla. <a title=\"Oferta de hoteles en Sevilla\" href=\"https:\/\/www.google.com\/maps\/d\/edit?mid=zWLlr1rraJQ4.kz_-9S1k9b28\" target=\"_blank\">Aqu\u00ed<\/a> est\u00e1 un mapa de todas las ofertas de hoteles y algunos lugares de inter\u00e9s.<\/p>\n<p>Hemos escogido lugares donde sabemos que te cuidar\u00e1n y desde los que ir\u00e1s f\u00e1cilmente al evento (a pie, en bicicleta o en autob\u00fas). \u00a1Haz tu elecci\u00f3n y aseg\u00farate de indicarle al hotel que vas a asistir a WCEU 2015 y as\u00ed conseguir\u00e1s el descuento!<\/p>\n<p><strong>Barcel\u00f3 Sevilla Renacimiento 4* (WordCamp Europe Venue)<\/strong><br \/>\nWCEU Special Price: <a title=\"Click here to book your room now!\" href=\"https:\/\/www.yourreservation.net\/tb3\/index.cfm?bf=barcelo&amp;lng=EN&amp;arrivalDate=2015-06-25&amp;iataNumber=WORDPRESS1&amp;rateAccessCode=*NP7U%24&amp;Hotelcode=HYBSVQRE\" target=\"_blank\">click here to book your room now!<\/a><br \/>\nMore details: Avenida \u00c1lvaro Alonso Barba, S\/N, 41092 Sevilla, Sevilla, Spain<br \/>\nTelf: [+34] 954 46 22 22 <a href=\"http:\/\/www.barcelo.com\/BarceloHotels\/es_ES\/hoteles\/Espana\/Sevilla\/hotel-barcelo-sevilla-renacimiento\/descripcion-general.aspx\" target=\"_blank\">www.barcelo.com<\/a> <strong>4.2<\/strong> in <a href=\"https:\/\/plus.google.com\/102883576383434306960\/about?hl=en\" target=\"_blank\">Google+<\/a><\/p>\n<p><strong>Gran Melia Col\u00f3n 5*<\/strong><br \/>\nWCEU Special Price: room single\/double occupancy 170\/185\u20ac + 10% (VAT). Price includes breakfast.<br \/>\nMore details: Canalejas, 1, 41001 Sevilla, Sevilla, Spain<br \/>\nTelf: [+34] 954 50 55 99 <a href=\"http:\/\/www.melia.com\/es\/hoteles\/espana\/sevilla\/gran-melia-colon\/index.html\" target=\"_blank\">www.melia.com<\/a> <strong>4.4<\/strong> in <a href=\"https:\/\/plus.google.com\/106400622216679918861\/about?hl=en\" target=\"_blank\">Google+<\/a><\/p>\n<p><strong>Hotel Casa 1800 4*<\/strong><br \/>\n10% WCEU Discount.<br \/>\nMore details: Calle Rodrigo Caro, 6, 41004 Sevilla, Sevilla, Spain<br \/>\nTelf: [+34] 954 56 18 00 <a href=\"http:\/\/www.hotelcasa1800sevilla.com\/\" target=\"_blank\">www.hotelcasa1800sevilla.com<\/a> <strong>4.4<\/strong> in <a href=\"https:\/\/plus.google.com\/106499455544217798050\/about?hl=en\" target=\"_blank\">Google+<\/a><\/p>\n<p><strong>Hotel Novotel Sevilla Marqu\u00e9s del Nervion 4*<\/strong><br \/>\nWCEU Special Price: room single\/double occupancy 70\/80\u20ac. Price includes breakfast and VAT.<br \/>\nMore details: Avenida Eduardo Dato 71, 41005 Seville, Spain<br \/>\nTelf: [+34] 954 55 82 00 <a href=\"http:\/\/www.accorhotels.com\/lien_externe.svlt?goto=fiche_hotel&amp;code_hotel=3210&amp;merchantid=seo-maps-ES-3210&amp;sourceid=aw-cen\" target=\"_blank\">www.accorhotels.com<\/a> <strong>4.3<\/strong> in <a href=\"https:\/\/plus.google.com\/100835823354905615742\/about?hl=en\" target=\"_blank\">Google+<\/a><\/p>\n<p><strong>Hotel Petit Palace Santa Cruz 4*<\/strong><br \/>\nWCEU Special Price: room single\/double occupancy 129\/139\u20ac. Price includes breakfast and VAT.<br \/>\nMore details: Calle Mu\u00f1oz y Pab\u00f3n, 18, 41004 Sevilla, Sevilla, Spain<br \/>\nTelf: [+34] 954 22 10 32 <a href=\"http:\/\/www.petitpalacesantacruzhotel.com\/\" target=\"_blank\">www.petitpalacesantacruzhotel.com<\/a> <strong>3.8<\/strong> in <a href=\"https:\/\/plus.google.com\/115830892971310058679\/about?hl=en\" target=\"_blank\">Google+<\/a><\/p>\n<p><strong>Meli\u00e1 Lebreros 4*<\/strong><br \/>\nWCEU Special Price: room single\/double occupancy 75\/85\u20ac + 10% (VAT). Price includes breakfast.<br \/>\nMore details: Calle Luis de Morales, 2, 41018 Sevilla, Sevilla, Spain<br \/>\nTelf: [+34] 902 14 44 40 <a href=\"http:\/\/www.melia.com\/es\/hoteles\/espana\/sevilla\/melia-lebreros\/index.html\" target=\"_blank\">www.melia.com<\/a> <strong>3.7<\/strong> in <a href=\"https:\/\/plus.google.com\/111810975359173746728\/about?hl=en\" target=\"_blank\">Google+<\/a><\/p>\n<p><strong>TRYP Sevilla Macarena Hotel 4*<\/strong><br \/>\nWCEU Special Price: room single\/double occupancy 60\/69\u20ac + 10% (VAT). Price includes breakfast.<br \/>\nReservations Requests: Contacts Mar\u00eda Sosa o Patricia Gonz\u00e1lez (reservas.tryp.macarena@melia.com) or +34 954 37 57 00\/ +34 954 37 58 00. Reservation Cutt-off date: June 1st 2015. <a href=\"https:\/\/2015.europe.wordcamp.org\/files\/2015\/03\/26-06-GRUPO-WORDCAMP-EUROPA-26-28-JUNIO-2015.pdf\">26-06 GRUPO WORDCAMP EUROPA 26-28 JUNIO 2015<\/a><br \/>\nMore details: Calle San Juan de Ribera, 2, 41009 Sevilla, Sevilla, Spain<br \/>\nTelf: [+34] 902 14 44 40 <a href=\"http:\/\/www.melia.com\/es\/hoteles\/espana\/sevilla\/tryp-sevilla-macarena-hotel\/index.html\" target=\"_blank\">www.melia.com<\/a> <strong>3.4<\/strong> in <a href=\"https:\/\/plus.google.com\/101960946055942879687\/about?hl=en\" target=\"_blank\">Google+<\/a><\/p>\n<p><strong>Apartamentos Suites Santa Cruz 3*<\/strong><br \/>\n10% WCEU Discount.<br \/>\nMore details: Calle Justino de Neve, 4, 41004 Sevilla, Sevilla, Spain<br \/>\nTelf: [+34] 954 22 73 88 <a href=\"http:\/\/www.apartamentossantacruz.com\/\" target=\"_blank\">www.apartamentossantacruz.com<\/a> <a href=\"https:\/\/plus.google.com\/107837792569251118859\/about?hl=en\" target=\"_blank\">Google+<\/a><\/p>\n<p><strong>Hotel Abanico 3*<\/strong><br \/>\n5% WCEU Discount.<br \/>\nMore details: Calle \u00c1guilas, 17, 41003 Sevilla, Sevilla, Spain<br \/>\nTelf: [+34] 954 21 32 07 <a href=\"http:\/\/www.hotelabanico.com\/\" target=\"_blank\">www.hotelabanico.com<\/a> <strong>4.1<\/strong> in <a href=\"https:\/\/plus.google.com\/105527886858966555148\/about?hl=en\" target=\"_blank\">Google+<\/a><\/p>\n<p><strong>Hotel Casas de Santa Cruz 3*<\/strong><br \/>\n10% WCEU Discount.<br \/>\nMore details: Calle Pimienta, 4, 41004 Sevilla, Sevilla, Spain<br \/>\nTelf: [+34] 954 22 73 88 <a href=\"http:\/\/www.casasdesantacruz.com\/\" target=\"_blank\">www.casasdesantacruz.com<\/a> <strong>3.8<\/strong> in <a href=\"https:\/\/plus.google.com\/104830187951465558421\/about?hl=en\" target=\"_blank\">Google+<\/a><\/p>\n<p><strong>Hotel Casa No 7 3*<\/strong><br \/>\nWCEU Special Price: 2-nights room double occupancy 300\u20ac + 10% (VAT). Price includes breakfast.<br \/>\nMore details: Calle V\u00edrgenes, 7, 41004 Sevilla, Sevilla, Spain<br \/>\nTelf: [+34] 954 22 15 81 <a href=\"http:\/\/www.casanumero7.com\/\" target=\"_blank\">www.casanumero7.com<\/a> <a href=\"https:\/\/plus.google.com\/111992461416886854004\/about?hl=en\" target=\"_blank\">Google+<\/a><\/p>\n<p><strong>Hotel Las Casas de los Mercaderes 3*<\/strong><br \/>\n10% WCEU Discount.<br \/>\nMore details: Calle \u00c1lvarez Quintero, 9-13, 41004 Sevilla, Sevilla, Spain<br \/>\nTelf: [+34] 955 13 62 11 <a href=\"http:\/\/www.aa-hoteles.com\/hotel-las-casas-de-los-mercaderes\/\" target=\"_blank\">www.aa-hoteles.com<\/a> <a href=\"https:\/\/plus.google.com\/106628413337301021294\/about?hl=en\" target=\"_blank\">Google+<\/a><\/p>\n<p><strong>Hotel Convento La Gloria 3*<\/strong><br \/>\nWCEU Special Price: room single\/double occupancy 63\/68\u20ac + 10% (VAT). Price includes breakfast &amp; Wifi.<br \/>\nMore details: Calle Argote de Molina, 26, 41004 Sevilla, Sevilla, Spain<br \/>\nTelf: [+34] 954 29 36 70 <a href=\"http:\/\/www.hotelconventolagloria.es\/\" target=\"_blank\">www.hotelconventolagloria.es<\/a> <a href=\"https:\/\/plus.google.com\/102923848429773787655\/about?hl=en\" target=\"_blank\">Google+<\/a><\/p>\n<p><strong>Hotel Don Paco 3*<\/strong><br \/>\n15% WCEU Discount.<br \/>\nMore details: Plaza del Padre Jer\u00f3nimo de C\u00f3rdoba, 4-5, 41003 Sevilla, Sevilla, Spain<br \/>\nTelf: [+34] 954 50 69 99 <a href=\"www.hoteldonpaco.com\/\" target=\"_blank\">www.hoteldonpaco.com\/<\/a> <a href=\"https:\/\/plus.google.com\/101362899964017262198\/about?hl=es\" target=\"_blank\">Google+<\/a><\/p>\n<p><strong>Hotel Elvira Plaza 3*<\/strong><br \/>\n10% WCEU Discount.<br \/>\nMore details: Plaza de Do\u00f1a Elvira, 5, 41004 Sevilla, Sevilla, Spain<br \/>\nTelf: [+34] 954 29 36 98 <a href=\"http:\/\/www.hotelelviraplaza.com\/\" target=\"_blank\">www.hotelelviraplaza.com<\/a> <a href=\"https:\/\/plus.google.com\/115231308246775664306\/about?hl=en\" target=\"_blank\">Google+<\/a><\/p>\n<p><strong>Hoteles Monte 3*<\/strong><br \/>\nWCEU Special Price: <a href=\"http:\/\/www.hotelesmonte.com\/\" target=\"_blank\">http:\/\/www.hotelesmonte.com\/<\/a><br \/>\nMore details: Hotel Monte Carmelo y Hotel Monte Triana en Sevilla<br \/>\nTelf: [+34] 954 085 000  <a href=\"http:\/\/www.hotelesmonte.com\/\" target=\"_blank\">http:\/\/www.hotelesmonte.com\/<\/a><\/p>\n<p><strong>Hotel Petit Palace Canalejas 2*<\/strong><br \/>\nWCEU Special Price: room single\/double occupancy 90\/98\u20ac. Price includes breakfast and VAT.<br \/>\nMore details: Canalejas, 2, 41001 Seville, Spain<br \/>\nTelf: [+34] 954 22 64 00 <strong>3.9<\/strong> in <a href=\"https:\/\/plus.google.com\/113560664776194065737\/about?hl=en\" target=\"_blank\">Google+<\/a><\/p>\n<p><strong>Hotel San Pablo 3*<\/strong><br \/>\nWCEU Special Price: <a href=\"http:\/\/marh.es\/wp-content\/uploads\/2015\/03\/Grupos-2015.pdf\">http:\/\/marh.es\/wp-content\/uploads\/2015\/03\/Grupos-2015.pdf<\/a><br \/>\nMore details: Av de la Innovaci\u00f3n, 10, 41020, Sevilla, Avenida de la Innovaci\u00f3n, 10, 41020 Sevilla, Sevilla, Spain<br \/>\nTelf: [+34] 954 25 23 25 <a href=\"http:\/\/www.hotelsanpablosevilla.es\/\" target=\"_blank\">www.hotelsanpablosevilla.es<\/a> <strong>3.7<\/strong> in <a href=\"https:\/\/plus.google.com\/100494902874471673813\/about?hl=en\" target=\"_blank\">Google+<\/a><\/p>\n<p><strong>Hotel Abril 2*<\/strong><br \/>\n5% WCEU Discount.<br \/>\nMore details: Calle Jer\u00f3nimo Hern\u00e1ndez, 20, 41003 Sevilla, Sevilla, Spain<br \/>\nTelf: [+34] 954 22 90 46 <a href=\"http:\/\/www.hotelabril.com\/\" target=\"_blank\">www.hotelabril.com<\/a> <strong>4.2<\/strong> in <a href=\"https:\/\/plus.google.com\/116334717763908539874\/about?hl=en\" target=\"_blank\">Google+<\/a><\/p>\n<p><strong>Hotel Sevilla 2*<\/strong><br \/>\nWCEU Special Price: room single\/double occupancy 75\u20ac. Price includes breakfast and VAT.<br \/>\nMore details: Calle Daoiz, 5, 41003 Sevilla, Sevilla, Spain<br \/>\nTelf: [+34] 954 38 41 61 <a href=\"http:\/\/hotelsevillaweb.es\/\" target=\"_blank\">hotelsevillaweb.es<\/a> <strong>4.2<\/strong> in <a href=\"https:\/\/plus.google.com\/106601937382082811345\/about?hl=en\" target=\"_blank\">Google+<\/a><\/p>\n<p><strong>Hotel un Patio en Santa Cruz 2*<\/strong><br \/>\nWCEU Special Price: room single\/double\/\u00e1tico\/superior\/twin\/triple occupancy 85\/85\/95\/120\/130\u20ac + 10% (VAT).<br \/>\nMore details:Calle Doncellas, 15, 41004 Sevilla, Sevilla, Spain<br \/>\nTelf: [+34] 807 31 70 70 <a href=\"http:\/\/www.patiosantacruz.com\/\" target=\"_blank\">www.patiosantacruz.com<\/a> <a href=\"https:\/\/plus.google.com\/105745423633540265015\/about?hl=en\" target=\"_blank\">Google+<\/a><\/p>\n<p><strong>Hostal Atenas<\/strong><br \/>\n10% WCEU Discount.<br \/>\nMore details:+Calel Caballerizas,1, 41003 Seville, Spain<br \/>\nTelf: [+34] 954 21 80 47 <a href=\"http:\/\/www.hostal-atenas.com\/\" target=\"_blank\">www.hostal-atenas.com<\/a> <a href=\"https:\/\/plus.google.com\/114129152242487015163\/about?hl=en\" target=\"_blank\">Google+<\/a><\/p>\n<p><strong>Hostal Jentoft<\/strong><br \/>\n7% WCEU Discount.<br \/>\nMore details: Calle de Benidorm, 2, 41001 Sevilla, Sevilla, Spain<br \/>\nTelf: [+34] 954 22 09 81 <a href=\"http:\/\/www.hostaljentoft.com\/\" target=\"_blank\">www.hostaljentoft.com<\/a><strong>3.8<\/strong> in <a href=\"https:\/\/plus.google.com\/103100478024537105754\/about?hl=en\" target=\"_blank\">Google+<\/a><\/p>\n<p><strong>Hostal Parlad\u00e9<\/strong><br \/>\n10% WCEU Discount (booking by email or phone)<br \/>\nMore details:Calle Jes\u00fas del Gran Poder, 130, 41002 Sevilla, Sevilla, Spain<br \/>\nTelf: [+34] 954 37 14 30 <a href=\"http:\/\/www.hostalparlade.com\/\" target=\"_blank\">www.hostalparlade.com<\/a> <a href=\"https:\/\/plus.google.com\/110361562467218905858\/about?hl=en\" target=\"_blank\">Google+<\/a><\/p>\n<p><strong>Hostal Paco&#8217;s<\/strong><br \/>\nWCEU Special Price: <a href=\"http:\/\/www.hostales-sp.com\">www.hostales-sp.com<\/a><br \/>\nMore details: Calle de Pedro del Toro, 7, 41001 Sevilla, Sevilla, Spain<br \/>\nTelf: [+34] 954 21 71 83 <a href=\"http:\/\/www.hostal-pacos.com\/\" target=\"_blank\">www.hostal-pacos.com<\/a> <a href=\"https:\/\/plus.google.com\/110904498097888031291\/about?hl=en\" target=\"_blank\">Google+<\/a><\/p>\n<p><strong>Hostal Roma<\/strong><br \/>\nWCEU Special Price: <a href=\"http:\/\/www.hostales-sp.com\">www.hostales-sp.com<\/a><br \/>\nMore details: Calle Gravina, 34, 41001 Sevilla, Sevilla, Spain<br \/>\nTelf: [+34] 954 50 13 00 <a href=\"http:\/\/www.hostales-sp.com\/\" target=\"_blank\">www.hostales-sp.com<\/a> <strong>3.8<\/strong> in <a href=\"https:\/\/plus.google.com\/108326087755446635416\/about?hl=en\" target=\"_blank\">Google+<\/a><\/p>\n<p><strong>Hotel Puerta de Sevilla<\/strong><br \/>\nWCEU Special Price: room single\/double occupancy 70\u20ac +10% (IVA)<br \/>\nMore details: Calle de la Puerta de la Carne, 2, 41004 Sevilla, Sevilla, Spain<br \/>\nTelf: [+34] 954 98 72 70 <a href=\"http:\/\/www.hotelpuertadesevilla.com\/\" target=\"_blank\">www.hotelpuertadesevilla.com<\/a> <strong>4.0<\/strong> in <a href=\"https:\/\/plus.google.com\/112938633993916803743\/about?hl=en\" target=\"_blank\">Google+<\/a><\/p>\n<p><strong>Hostel Trotamundos<\/strong><br \/>\nBed in 10-Bed Mixed Dormitory Room 14,00\u20ac. Bed in 6-Bed Mixed Dormitory Room 16,00\u20ac. Bed in 6-Bed Female Dormitory Room 16,00\u20ac. Bed in 4-Bed Mixed Dormitory Room 18.00\u20ac. Breakfast 2,00\u20ac.<br \/>\nMore details: Calle Bail\u00e9n, 12, 41001 Sevilla, Sevilla, Spain<br \/>\nTelf: [+34] 954 10 41 73 <a href=\"www.hosteltrotamundos.es\/\" target=\"_blank\">www.hosteltrotamundos.es\/<\/a> <a href=\"https:\/\/plus.google.com\/111496739549371513244\/about?hl=es\" target=\"_blank\">Google+<\/a><\/p>\n<p><strong>Le Petit Paris<\/strong><br \/>\nWCEU Special Price: <a href=\"http:\/\/www.hostales-sp.com\">www.hostales-sp.com<\/a><br \/>\nMore details: Calle San Pedro M\u00e1rtir, 14, 41001 Sevilla, Sevilla, Spain<br \/>\nTelf: [+34] 954 22 98 61 <a href=\"http:\/\/www.lepetitparis.es\/\" target=\"_blank\">www.lepetitparis.es<\/a> <strong>4.1<\/strong> in <a href=\"https:\/\/plus.google.com\/105514836057742708590\/about?hl=en\" target=\"_blank\">Google+<\/a><\/p>\n<p><strong>Pensi\u00f3n Gravina<\/strong><br \/>\nWCEU Special Price: <a href=\"http:\/\/www.hostales-sp.com\">www.hostales-sp.com<\/a><br \/>\nMore details:Calle Gravina, 46, 41001 Sevilla, Sevilla, Spain<br \/>\nTelf: [+34] 954 21 64 14 <a href=\"http:\/\/www.pensiongravina.com\/\" target=\"_blank\">www.pensiongravina.com<\/a> <a href=\"https:\/\/plus.google.com\/107108217603069989881\/about?hl=en\" target=\"_blank\">Google+<\/a><\/p>\n<p><strong>Pensi\u00f3n P\u00e9rez Montilla<\/strong><br \/>\nWCEU Special Price: <a href=\"http:\/\/www.pensionperezmontilla.com\">www.pensionperezmontilla.com<\/a><br \/>\nMore details: Plaza Curtidores, 13, 41004 Sevilla, Sevilla, Spain<br \/>\nTelf: [+34] 954 42 18 54 <a href=\"http:\/\/www.pensionperezmontilla.com\/\" target=\"_blank\">www.pensionperezmontilla.com<\/a> <a href=\"https:\/\/plus.google.com\/106466718460059279188\/about?hl=en\" target=\"_blank\">Google+<\/a><\/p>\n<p><strong>Residencia de Deportistas La Cartuja<\/strong><br \/>\nWCEU Special Price: room double\/triple occupancy 21,60\/16,19\u20ac per person. Price includes breakfast and VAT.<br \/>\nMore details: Glorieta de Beatriz Manch\u00f3n, s\/n, 41092 Sevilla, Sevilla, Spain<br \/>\nTelf: [+34] 954 46 16 76 <a href=\"http:\/\/www.lacartuja.net\/\" target=\"_blank\">www.lacartuja.net<\/a> <a href=\"https:\/\/plus.google.com\/114082281132936690886\/about?hl=en\" target=\"_blank\">Google+<\/a><\/p>\n<p><strong>The Nomad Hostel<\/strong><br \/>\nBed in 10-Bed Mixed Dormitory Room 15,00\u20ac.<br \/>\nBed in 8-Bed Mixed Dormitory Room 15,50\u20ac.<br \/>\nBed in 8-Bed Mixed Dormitory Room 16.50\u20ac.<br \/>\nFamily Room with Private Bathroom 70,00\u20ac.<br \/>\nStandard Double Room with Shared Bathroom 37,00\u20ac.<br \/>\nMore details: Calle It\u00e1lica, 1, 41001 Sevilla, Sevilla, Spain<br \/>\nTelf: [+34] 955 63 85 98 <a href=\"www.thenomadhostel.com\" target=\"_blank\">www.thenomadhostel.com<\/a> <a href=\"https:\/\/plus.google.com\/104686847901711628039\/about?hl=es\" target=\"_blank\">Google+<\/a><\/p>\n","protected":false},"excerpt":{"rendered":"<p>Great news, WordCampers! The team of WCEU organisers managed to get you all deals on hotels in Seville. Here\u2019s a map with all the deals on hotels and the some places of interest. We\u2019ve picked places we know will take &hellip; <a href=\"https:\/\/europe.wordcamp.org\/2015\/hotels-in-seville\/\">Continue reading <span class=\"screen-reader-text\">Hotels in Seville<\/span>  <span class=\"meta-nav\">&rarr;<\/span><\/a><\/p>\n","protected":false},"author":9920888,"featured_media":0,"parent":0,"menu_order":0,"comment_status":"open","ping_status":"open","template":"","meta":{"jetpack_post_was_ever_published":false,"footnotes":""},"class_list":["post-188","page","type-page","status-publish","hentry"],"jetpack_likes_enabled":true,"jetpack_sharing_enabled":true,"jetpack_shortlink":"https:\/\/wp.me\/P5A9VZ-32","_links":{"self":[{"href":"https:\/\/europe.wordcamp.org\/2015\/wp-json\/wp\/v2\/pages\/188","targetHints":{"allow":["GET"]}}],"collection":[{"href":"https:\/\/europe.wordcamp.org\/2015\/wp-json\/wp\/v2\/pages"}],"about":[{"href":"https:\/\/europe.wordcamp.org\/2015\/wp-json\/wp\/v2\/types\/page"}],"author":[{"embeddable":true,"href":"https:\/\/europe.wordcamp.org\/2015\/wp-json\/wp\/v2\/users\/9920888"}],"replies":[{"embeddable":true,"href":"https:\/\/europe.wordcamp.org\/2015\/wp-json\/wp\/v2\/comments?post=188"}],"version-history":[{"count":39,"href":"https:\/\/europe.wordcamp.org\/2015\/wp-json\/wp\/v2\/pages\/188\/revisions"}],"predecessor-version":[{"id":3639,"href":"https:\/\/europe.wordcamp.org\/2015\/wp-json\/wp\/v2\/pages\/188\/revisions\/3639"}],"wp:attachment":[{"href":"https:\/\/europe.wordcamp.org\/2015\/wp-json\/wp\/v2\/media?parent=188"}],"curies":[{"name":"wp","href":"https:\/\/api.w.org\/{rel}","templated":true}]}}