{"id":1094,"date":"2015-02-17T12:17:44","date_gmt":"2015-02-17T12:17:44","guid":{"rendered":"https:\/\/2015.europe.wordcamp.org\/?page_id=1094"},"modified":"2015-05-14T09:23:13","modified_gmt":"2015-05-14T09:23:13","slug":"refunds","status":"publish","type":"page","link":"https:\/\/europe.wordcamp.org\/2015\/tickets\/refunds\/","title":{"rendered":"Refunds"},"content":{"rendered":"<p>Refunds are available until 12th June 2015. After this time we will have finalised all of the details for catering, swag, etc.<\/p>\n<p>Note: <a href=\"https:\/\/www.paypal.com\/us\/webapps\/helpcenter\/helphub\/article\/?solutionId=FAQ2393\">PayPal will only process refunds for transactions within 60 days.<\/a> If your payment is more than 60 days old and you paid via PayPal you will be unable to get a refund.<\/p>\n<p>To process a refund:<\/p>\n<ol>\n<li>Click on the link in your confirmation email.<\/li>\n<\/ol>\n<p><a href=\"https:\/\/2015.europe.wordcamp.org\/files\/2015\/02\/refund-image-1.png\"><img loading=\"lazy\" decoding=\"async\" data-attachment-id=\"1095\" data-permalink=\"https:\/\/europe.wordcamp.org\/2015\/tickets\/refunds\/refund-image-1\/\" data-orig-file=\"https:\/\/europe.wordcamp.org\/2015\/files\/2015\/02\/refund-image-1.png\" data-orig-size=\"477,124\" data-comments-opened=\"1\" data-image-meta=\"{&quot;aperture&quot;:&quot;0&quot;,&quot;credit&quot;:&quot;&quot;,&quot;camera&quot;:&quot;&quot;,&quot;caption&quot;:&quot;&quot;,&quot;created_timestamp&quot;:&quot;0&quot;,&quot;copyright&quot;:&quot;&quot;,&quot;focal_length&quot;:&quot;0&quot;,&quot;iso&quot;:&quot;0&quot;,&quot;shutter_speed&quot;:&quot;0&quot;,&quot;title&quot;:&quot;&quot;,&quot;orientation&quot;:&quot;0&quot;}\" data-image-title=\"refund-image-1\" data-image-description=\"\" data-image-caption=\"\" data-medium-file=\"https:\/\/europe.wordcamp.org\/2015\/files\/2015\/02\/refund-image-1-300x78.png\" data-large-file=\"https:\/\/europe.wordcamp.org\/2015\/files\/2015\/02\/refund-image-1.png\" class=\"alignnone size-full wp-image-1095\" src=\"https:\/\/2015.europe.wordcamp.org\/files\/2015\/02\/refund-image-1.png\" alt=\"refund-image-1\" width=\"477\" height=\"124\" srcset=\"https:\/\/europe.wordcamp.org\/2015\/files\/2015\/02\/refund-image-1.png 477w, https:\/\/europe.wordcamp.org\/2015\/files\/2015\/02\/refund-image-1-300x78.png 300w\" sizes=\"auto, (max-width: 477px) 100vw, 477px\" \/><\/a><\/p>\n<ol>\n<li>Click on the\u00a0<em>request a refund\u00a0<\/em>link.<\/li>\n<\/ol>\n<p><a href=\"https:\/\/2015.europe.wordcamp.org\/files\/2015\/02\/refund-image-21.png\"><img loading=\"lazy\" decoding=\"async\" data-attachment-id=\"1100\" data-permalink=\"https:\/\/europe.wordcamp.org\/2015\/tickets\/refunds\/refund-image-2-2\/\" data-orig-file=\"https:\/\/europe.wordcamp.org\/2015\/files\/2015\/02\/refund-image-21.png\" data-orig-size=\"652,159\" data-comments-opened=\"1\" data-image-meta=\"{&quot;aperture&quot;:&quot;0&quot;,&quot;credit&quot;:&quot;&quot;,&quot;camera&quot;:&quot;&quot;,&quot;caption&quot;:&quot;&quot;,&quot;created_timestamp&quot;:&quot;0&quot;,&quot;copyright&quot;:&quot;&quot;,&quot;focal_length&quot;:&quot;0&quot;,&quot;iso&quot;:&quot;0&quot;,&quot;shutter_speed&quot;:&quot;0&quot;,&quot;title&quot;:&quot;&quot;,&quot;orientation&quot;:&quot;0&quot;}\" data-image-title=\"refund-image-2\" data-image-description=\"\" data-image-caption=\"\" data-medium-file=\"https:\/\/europe.wordcamp.org\/2015\/files\/2015\/02\/refund-image-21-300x73.png\" data-large-file=\"https:\/\/europe.wordcamp.org\/2015\/files\/2015\/02\/refund-image-21.png\" class=\"alignnone size-full wp-image-1100\" src=\"https:\/\/2015.europe.wordcamp.org\/files\/2015\/02\/refund-image-21.png\" alt=\"refund-image-2\" width=\"652\" height=\"159\" srcset=\"https:\/\/europe.wordcamp.org\/2015\/files\/2015\/02\/refund-image-21.png 652w, https:\/\/europe.wordcamp.org\/2015\/files\/2015\/02\/refund-image-21-300x73.png 300w, https:\/\/europe.wordcamp.org\/2015\/files\/2015\/02\/refund-image-21-500x122.png 500w\" sizes=\"auto, (max-width: 652px) 100vw, 652px\" \/><\/a><\/p>\n<p>&nbsp;<\/p>\n<p>If you have any problems, <a title=\"Contact\" href=\"https:\/\/2015.europe.wordcamp.org\/contact\/\">get in touch.<\/a><\/p>\n<p><!-- Spanish Translation \u00b7 no delete please --><\/p>\n<hr \/>\n<p>&nbsp;<\/p>\n<h2>Reembolsos<\/h2>\n<p>Los reembolsos est\u00e1n disponibles hasta el 12 de junio de 2015. Despu\u00e9s de este tiempo se habr\u00e1n contratado todos los detalles para la restauraci\u00f3n, etc.<\/p>\n<p class=\"p1\"><span class=\"s1\">Nota: PayPal reembolsa las transacciones en un plazo de 60 d\u00edas. Tenlo en cuenta porque si pagas m\u00e1s all\u00e1 de ese plazo con PayPal no podr\u00e1s tener reembolso.<\/span><\/p>\n<p>Para procesar un reembolso:<\/p>\n<ol>\n<li>Haga clic en el enlace en su email de confirmaci\u00f3n.<\/li>\n<\/ol>\n<p><a href=\"https:\/\/2015.europe.wordcamp.org\/files\/2015\/02\/refund-image-1.png\"><img loading=\"lazy\" decoding=\"async\" data-attachment-id=\"1095\" data-permalink=\"https:\/\/europe.wordcamp.org\/2015\/tickets\/refunds\/refund-image-1\/\" data-orig-file=\"https:\/\/europe.wordcamp.org\/2015\/files\/2015\/02\/refund-image-1.png\" data-orig-size=\"477,124\" data-comments-opened=\"1\" data-image-meta=\"{&quot;aperture&quot;:&quot;0&quot;,&quot;credit&quot;:&quot;&quot;,&quot;camera&quot;:&quot;&quot;,&quot;caption&quot;:&quot;&quot;,&quot;created_timestamp&quot;:&quot;0&quot;,&quot;copyright&quot;:&quot;&quot;,&quot;focal_length&quot;:&quot;0&quot;,&quot;iso&quot;:&quot;0&quot;,&quot;shutter_speed&quot;:&quot;0&quot;,&quot;title&quot;:&quot;&quot;,&quot;orientation&quot;:&quot;0&quot;}\" data-image-title=\"refund-image-1\" data-image-description=\"\" data-image-caption=\"\" data-medium-file=\"https:\/\/europe.wordcamp.org\/2015\/files\/2015\/02\/refund-image-1-300x78.png\" data-large-file=\"https:\/\/europe.wordcamp.org\/2015\/files\/2015\/02\/refund-image-1.png\" class=\"alignnone size-full wp-image-1095\" src=\"https:\/\/2015.europe.wordcamp.org\/files\/2015\/02\/refund-image-1.png\" alt=\"refund-image-1\" width=\"477\" height=\"124\" srcset=\"https:\/\/europe.wordcamp.org\/2015\/files\/2015\/02\/refund-image-1.png 477w, https:\/\/europe.wordcamp.org\/2015\/files\/2015\/02\/refund-image-1-300x78.png 300w\" sizes=\"auto, (max-width: 477px) 100vw, 477px\" \/><\/a><\/p>\n<ol>\n<li>Haga clic en el enlace <em> solicitar un reembolso<\/em>.<\/li>\n<\/ol>\n<p><a href=\"https:\/\/2015.europe.wordcamp.org\/files\/2015\/02\/refund-image-21.png\"><img loading=\"lazy\" decoding=\"async\" data-attachment-id=\"1100\" data-permalink=\"https:\/\/europe.wordcamp.org\/2015\/tickets\/refunds\/refund-image-2-2\/\" data-orig-file=\"https:\/\/europe.wordcamp.org\/2015\/files\/2015\/02\/refund-image-21.png\" data-orig-size=\"652,159\" data-comments-opened=\"1\" data-image-meta=\"{&quot;aperture&quot;:&quot;0&quot;,&quot;credit&quot;:&quot;&quot;,&quot;camera&quot;:&quot;&quot;,&quot;caption&quot;:&quot;&quot;,&quot;created_timestamp&quot;:&quot;0&quot;,&quot;copyright&quot;:&quot;&quot;,&quot;focal_length&quot;:&quot;0&quot;,&quot;iso&quot;:&quot;0&quot;,&quot;shutter_speed&quot;:&quot;0&quot;,&quot;title&quot;:&quot;&quot;,&quot;orientation&quot;:&quot;0&quot;}\" data-image-title=\"refund-image-2\" data-image-description=\"\" data-image-caption=\"\" data-medium-file=\"https:\/\/europe.wordcamp.org\/2015\/files\/2015\/02\/refund-image-21-300x73.png\" data-large-file=\"https:\/\/europe.wordcamp.org\/2015\/files\/2015\/02\/refund-image-21.png\" class=\"alignnone size-full wp-image-1100\" src=\"https:\/\/2015.europe.wordcamp.org\/files\/2015\/02\/refund-image-21.png\" alt=\"refund-image-2\" width=\"652\" height=\"159\" srcset=\"https:\/\/europe.wordcamp.org\/2015\/files\/2015\/02\/refund-image-21.png 652w, https:\/\/europe.wordcamp.org\/2015\/files\/2015\/02\/refund-image-21-300x73.png 300w, https:\/\/europe.wordcamp.org\/2015\/files\/2015\/02\/refund-image-21-500x122.png 500w\" sizes=\"auto, (max-width: 652px) 100vw, 652px\" \/><\/a><\/p>\n<p>&nbsp;<\/p>\n<p>Si usted tiene alg\u00fan problema, <a title=\"Contact\" href=\"https:\/\/2015.europe.wordcamp.org\/contact\/\"> p\u00f3ngase en contacto con nosotros. <\/a><\/p>\n","protected":false},"excerpt":{"rendered":"<p>Refunds are available until 12th June 2015. After this time we will have finalised all of the details for catering, swag, etc. Note: PayPal will only process refunds for transactions within 60 days. If your payment is more than 60 &hellip; <a href=\"https:\/\/europe.wordcamp.org\/2015\/tickets\/refunds\/\">Continue reading <span class=\"screen-reader-text\">Refunds<\/span>  <span class=\"meta-nav\">&rarr;<\/span><\/a><\/p>\n","protected":false},"author":7518923,"featured_media":0,"parent":11,"menu_order":0,"comment_status":"open","ping_status":"open","template":"","meta":{"jetpack_post_was_ever_published":false,"footnotes":""},"class_list":["post-1094","page","type-page","status-publish","hentry"],"jetpack_likes_enabled":true,"jetpack_sharing_enabled":true,"jetpack_shortlink":"https:\/\/wp.me\/P5A9VZ-hE","_links":{"self":[{"href":"https:\/\/europe.wordcamp.org\/2015\/wp-json\/wp\/v2\/pages\/1094","targetHints":{"allow":["GET"]}}],"collection":[{"href":"https:\/\/europe.wordcamp.org\/2015\/wp-json\/wp\/v2\/pages"}],"about":[{"href":"https:\/\/europe.wordcamp.org\/2015\/wp-json\/wp\/v2\/types\/page"}],"author":[{"embeddable":true,"href":"https:\/\/europe.wordcamp.org\/2015\/wp-json\/wp\/v2\/users\/7518923"}],"replies":[{"embeddable":true,"href":"https:\/\/europe.wordcamp.org\/2015\/wp-json\/wp\/v2\/comments?post=1094"}],"version-history":[{"count":7,"href":"https:\/\/europe.wordcamp.org\/2015\/wp-json\/wp\/v2\/pages\/1094\/revisions"}],"predecessor-version":[{"id":2905,"href":"https:\/\/europe.wordcamp.org\/2015\/wp-json\/wp\/v2\/pages\/1094\/revisions\/2905"}],"up":[{"embeddable":true,"href":"https:\/\/europe.wordcamp.org\/2015\/wp-json\/wp\/v2\/pages\/11"}],"wp:attachment":[{"href":"https:\/\/europe.wordcamp.org\/2015\/wp-json\/wp\/v2\/media?parent=1094"}],"curies":[{"name":"wp","href":"https:\/\/api.w.org\/{rel}","templated":true}]}}